{"id":5668,"date":"2025-11-12T08:19:06","date_gmt":"2025-11-12T08:19:06","guid":{"rendered":"https:\/\/www.agesinsaat.com\/?page_id=5668"},"modified":"2025-11-17T11:07:22","modified_gmt":"2025-11-17T11:07:22","slug":"kaba-ve-ince-iscilik","status":"publish","type":"page","link":"http:\/\/www.agesinsaat.com\/index.php\/kaba-ve-ince-iscilik\/","title":{"rendered":"Kaba ve \u0130nce \u0130\u015f\u00e7ilik"},"content":{"rendered":"\t\t<div data-elementor-type=\"wp-page\" data-elementor-id=\"5668\" class=\"elementor elementor-5668\">\n\t\t\t\t\t\t<section class=\"elementor-section elementor-top-section elementor-element elementor-element-7e76b9f2 elementor-section-boxed elementor-section-height-default elementor-section-height-default\" data-id=\"7e76b9f2\" data-element_type=\"section\" data-e-type=\"section\">\n\t\t\t\t\t\t<div class=\"elementor-container elementor-column-gap-extended\">\n\t\t\t\t\t<div class=\"elementor-column elementor-col-100 elementor-top-column elementor-element elementor-element-6339c513 ot-flex-column-vertical\" data-id=\"6339c513\" data-element_type=\"column\" data-e-type=\"column\">\n\t\t\t<div class=\"elementor-widget-wrap elementor-element-populated\">\n\t\t\t\t\t\t<div class=\"elementor-element elementor-element-5ef6d32d elementor-drop-cap-yes elementor-drop-cap-view-default elementor-widget elementor-widget-text-editor\" data-id=\"5ef6d32d\" data-element_type=\"widget\" data-e-type=\"widget\" data-settings=\"{&quot;drop_cap&quot;:&quot;yes&quot;}\" data-widget_type=\"text-editor.default\">\n\t\t\t\t\t\t\t\t\t<h2 data-start=\"164\" data-end=\"189\">Kaba ve \u0130nce \u0130\u015f\u00e7ilik<\/h2><p data-start=\"191\" data-end=\"440\"><strong data-start=\"191\" data-end=\"213\">Ages Mermer \u0130n\u015faat<\/strong>, in\u015faat\u0131n her a\u015famas\u0131nda titizlikle \u00e7al\u0131\u015farak kaliteyi ve esteti\u011fi bir araya getirir. Kaba yap\u0131dan son ince i\u015f\u00e7ili\u011fe kadar t\u00fcm s\u00fcre\u00e7lerde deneyimli ustalar\u0131m\u0131z ve m\u00fchendis ekibimizle projelerinizi g\u00fcvenle hayata ge\u00e7iriyoruz.<\/p><h3 data-start=\"442\" data-end=\"467\">Kaba \u0130n\u015faat A\u015famas\u0131<\/h3><p data-start=\"468\" data-end=\"685\">Bir yap\u0131n\u0131n sa\u011flaml\u0131\u011f\u0131, temelden itibaren at\u0131lan do\u011fru ad\u0131mlarla ba\u015flar. Bu nedenle kaba in\u015faat s\u00fcrecinde t\u00fcm yap\u0131sal elemanlar\u0131 teknik standartlara uygun olarak, dayan\u0131kl\u0131 ve uzun \u00f6m\u00fcrl\u00fc malzemelerle in\u015fa ediyoruz.<\/p><ul data-start=\"686\" data-end=\"850\"><li data-start=\"686\" data-end=\"724\"><p data-start=\"688\" data-end=\"724\">Temel kaz\u0131 ve betonarme imalatlar\u0131<\/p><\/li><li data-start=\"725\" data-end=\"762\"><p data-start=\"727\" data-end=\"762\">Kolon, kiri\u015f ve d\u00f6\u015feme sistemleri<\/p><\/li><li data-start=\"763\" data-end=\"806\"><p data-start=\"765\" data-end=\"806\">Duvar \u00f6rme, s\u0131va ve \u00e7at\u0131 konstr\u00fcksiyonu<\/p><\/li><li data-start=\"807\" data-end=\"850\"><p data-start=\"809\" data-end=\"850\">Ta\u015f\u0131y\u0131c\u0131 sistem ve altyap\u0131 ba\u011flant\u0131lar\u0131<\/p><\/li><\/ul><h3 data-start=\"852\" data-end=\"883\">\u0130nce \u0130\u015f\u00e7ilik Uygulamalar\u0131<\/h3><p data-start=\"884\" data-end=\"1027\">Yap\u0131n\u0131n karakterini belirleyen detaylard\u0131r. Bu a\u015famada malzeme kalitesine, \u00f6l\u00e7\u00fc do\u011frulu\u011funa ve estetik g\u00f6r\u00fcn\u00fcme en y\u00fcksek \u00f6zeni g\u00f6steriyoruz.<\/p><ul data-start=\"1028\" data-end=\"1204\"><li data-start=\"1028\" data-end=\"1065\"><p data-start=\"1030\" data-end=\"1065\">Zemin, duvar ve tavan kaplamalar\u0131<\/p><\/li><li data-start=\"1066\" data-end=\"1105\"><p data-start=\"1068\" data-end=\"1105\">Boya, seramik ve parke uygulamalar\u0131<\/p><\/li><li data-start=\"1106\" data-end=\"1157\"><p data-start=\"1108\" data-end=\"1157\">Kap\u0131, pencere, s\u00fcp\u00fcrgelik ve dekoratif detaylar<\/p><\/li><li data-start=\"1158\" data-end=\"1204\"><p data-start=\"1160\" data-end=\"1204\">Elektrik, su tesisat\u0131 son montaj i\u015flemleri<\/p><\/li><\/ul>\t\t\t\t\t\t\t\t<\/div>\n\t\t\t\t\t<\/div>\n\t\t<\/div>\n\t\t\t\t\t<\/div>\n\t\t<\/section>\n\t\t\t\t<section class=\"elementor-section elementor-top-section elementor-element elementor-element-40063b36 elementor-section-boxed elementor-section-height-default elementor-section-height-default\" data-id=\"40063b36\" data-element_type=\"section\" data-e-type=\"section\">\n\t\t\t\t\t\t<div class=\"elementor-container elementor-column-gap-default\">\n\t\t\t\t\t<div class=\"elementor-column elementor-col-100 elementor-top-column elementor-element elementor-element-580514f7 ot-flex-column-vertical\" data-id=\"580514f7\" data-element_type=\"column\" data-e-type=\"column\">\n\t\t\t<div class=\"elementor-widget-wrap elementor-element-populated\">\n\t\t\t\t\t\t<div class=\"elementor-element elementor-element-129eccc4 elementor-widget elementor-widget-igimages\" data-id=\"129eccc4\" data-element_type=\"widget\" data-e-type=\"widget\" data-widget_type=\"igimages.default\">\n\t\t\t\t<div class=\"elementor-widget-container\">\n\t\t\t\t\t\t\t<div class=\"image-gallery\">\r\n\t\t<div id='gallery-1' class='gallery galleryid-5668 gallery-columns-2 gallery-size-full'><figure class='gallery-item'>\n\t\t\t<div class='gallery-icon landscape'>\n\t\t\t\t<a data-elementor-open-lightbox=\"no\" href='http:\/\/www.agesinsaat.com\/wp-content\/uploads\/2025\/11\/7-2-scaled.jpg'><img fetchpriority=\"high\" decoding=\"async\" width=\"2560\" height=\"1714\" src=\"http:\/\/www.agesinsaat.com\/wp-content\/uploads\/2025\/11\/7-2-scaled.jpg\" class=\"attachment-full size-full\" alt=\"\" srcset=\"http:\/\/www.agesinsaat.com\/wp-content\/uploads\/2025\/11\/7-2-scaled.jpg 2560w, http:\/\/www.agesinsaat.com\/wp-content\/uploads\/2025\/11\/7-2-300x201.jpg 300w, http:\/\/www.agesinsaat.com\/wp-content\/uploads\/2025\/11\/7-2-1024x686.jpg 1024w, http:\/\/www.agesinsaat.com\/wp-content\/uploads\/2025\/11\/7-2-768x514.jpg 768w, http:\/\/www.agesinsaat.com\/wp-content\/uploads\/2025\/11\/7-2-1536x1028.jpg 1536w, http:\/\/www.agesinsaat.com\/wp-content\/uploads\/2025\/11\/7-2-2048x1371.jpg 2048w\" sizes=\"(max-width: 2560px) 100vw, 2560px\" \/><\/a>\n\t\t\t<\/div><\/figure><figure class='gallery-item'>\n\t\t\t<div class='gallery-icon landscape'>\n\t\t\t\t<a data-elementor-open-lightbox=\"no\" href='http:\/\/www.agesinsaat.com\/wp-content\/uploads\/2025\/11\/6-3-scaled.jpg'><img decoding=\"async\" width=\"2560\" height=\"1714\" src=\"http:\/\/www.agesinsaat.com\/wp-content\/uploads\/2025\/11\/6-3-scaled.jpg\" class=\"attachment-full size-full\" alt=\"\" srcset=\"http:\/\/www.agesinsaat.com\/wp-content\/uploads\/2025\/11\/6-3-scaled.jpg 2560w, http:\/\/www.agesinsaat.com\/wp-content\/uploads\/2025\/11\/6-3-300x201.jpg 300w, http:\/\/www.agesinsaat.com\/wp-content\/uploads\/2025\/11\/6-3-1024x686.jpg 1024w, http:\/\/www.agesinsaat.com\/wp-content\/uploads\/2025\/11\/6-3-768x514.jpg 768w, http:\/\/www.agesinsaat.com\/wp-content\/uploads\/2025\/11\/6-3-1536x1028.jpg 1536w, http:\/\/www.agesinsaat.com\/wp-content\/uploads\/2025\/11\/6-3-2048x1371.jpg 2048w\" sizes=\"(max-width: 2560px) 100vw, 2560px\" \/><\/a>\n\t\t\t<\/div><\/figure><figure class='gallery-item'>\n\t\t\t<div class='gallery-icon landscape'>\n\t\t\t\t<a data-elementor-open-lightbox=\"no\" href='http:\/\/www.agesinsaat.com\/wp-content\/uploads\/2025\/11\/4-3-scaled.jpg'><img decoding=\"async\" width=\"2560\" height=\"1714\" src=\"http:\/\/www.agesinsaat.com\/wp-content\/uploads\/2025\/11\/4-3-scaled.jpg\" class=\"attachment-full size-full\" alt=\"\" srcset=\"http:\/\/www.agesinsaat.com\/wp-content\/uploads\/2025\/11\/4-3-scaled.jpg 2560w, http:\/\/www.agesinsaat.com\/wp-content\/uploads\/2025\/11\/4-3-300x201.jpg 300w, http:\/\/www.agesinsaat.com\/wp-content\/uploads\/2025\/11\/4-3-1024x686.jpg 1024w, http:\/\/www.agesinsaat.com\/wp-content\/uploads\/2025\/11\/4-3-768x514.jpg 768w, http:\/\/www.agesinsaat.com\/wp-content\/uploads\/2025\/11\/4-3-1536x1028.jpg 1536w, http:\/\/www.agesinsaat.com\/wp-content\/uploads\/2025\/11\/4-3-2048x1371.jpg 2048w\" sizes=\"(max-width: 2560px) 100vw, 2560px\" \/><\/a>\n\t\t\t<\/div><\/figure><figure class='gallery-item'>\n\t\t\t<div class='gallery-icon landscape'>\n\t\t\t\t<a data-elementor-open-lightbox=\"no\" href='http:\/\/www.agesinsaat.com\/wp-content\/uploads\/2025\/11\/3-4-scaled.jpg'><img loading=\"lazy\" decoding=\"async\" width=\"2560\" height=\"1714\" src=\"http:\/\/www.agesinsaat.com\/wp-content\/uploads\/2025\/11\/3-4-scaled.jpg\" class=\"attachment-full size-full\" alt=\"\" srcset=\"http:\/\/www.agesinsaat.com\/wp-content\/uploads\/2025\/11\/3-4-scaled.jpg 2560w, http:\/\/www.agesinsaat.com\/wp-content\/uploads\/2025\/11\/3-4-300x201.jpg 300w, http:\/\/www.agesinsaat.com\/wp-content\/uploads\/2025\/11\/3-4-1024x686.jpg 1024w, http:\/\/www.agesinsaat.com\/wp-content\/uploads\/2025\/11\/3-4-768x514.jpg 768w, http:\/\/www.agesinsaat.com\/wp-content\/uploads\/2025\/11\/3-4-1536x1028.jpg 1536w, http:\/\/www.agesinsaat.com\/wp-content\/uploads\/2025\/11\/3-4-2048x1371.jpg 2048w\" sizes=\"(max-width: 2560px) 100vw, 2560px\" \/><\/a>\n\t\t\t<\/div><\/figure><figure class='gallery-item'>\n\t\t\t<div class='gallery-icon landscape'>\n\t\t\t\t<a data-elementor-open-lightbox=\"no\" href='http:\/\/www.agesinsaat.com\/wp-content\/uploads\/2025\/11\/2-3-scaled.jpg'><img loading=\"lazy\" decoding=\"async\" width=\"2560\" height=\"1714\" src=\"http:\/\/www.agesinsaat.com\/wp-content\/uploads\/2025\/11\/2-3-scaled.jpg\" class=\"attachment-full size-full\" alt=\"\" srcset=\"http:\/\/www.agesinsaat.com\/wp-content\/uploads\/2025\/11\/2-3-scaled.jpg 2560w, http:\/\/www.agesinsaat.com\/wp-content\/uploads\/2025\/11\/2-3-300x201.jpg 300w, http:\/\/www.agesinsaat.com\/wp-content\/uploads\/2025\/11\/2-3-1024x686.jpg 1024w, http:\/\/www.agesinsaat.com\/wp-content\/uploads\/2025\/11\/2-3-768x514.jpg 768w, http:\/\/www.agesinsaat.com\/wp-content\/uploads\/2025\/11\/2-3-1536x1028.jpg 1536w, http:\/\/www.agesinsaat.com\/wp-content\/uploads\/2025\/11\/2-3-2048x1371.jpg 2048w\" sizes=\"(max-width: 2560px) 100vw, 2560px\" \/><\/a>\n\t\t\t<\/div><\/figure><figure class='gallery-item'>\n\t\t\t<div class='gallery-icon landscape'>\n\t\t\t\t<a data-elementor-open-lightbox=\"no\" href='http:\/\/www.agesinsaat.com\/wp-content\/uploads\/2025\/11\/1-3-scaled.jpg'><img loading=\"lazy\" decoding=\"async\" width=\"2560\" height=\"1714\" src=\"http:\/\/www.agesinsaat.com\/wp-content\/uploads\/2025\/11\/1-3-scaled.jpg\" class=\"attachment-full size-full\" alt=\"\" srcset=\"http:\/\/www.agesinsaat.com\/wp-content\/uploads\/2025\/11\/1-3-scaled.jpg 2560w, http:\/\/www.agesinsaat.com\/wp-content\/uploads\/2025\/11\/1-3-300x201.jpg 300w, http:\/\/www.agesinsaat.com\/wp-content\/uploads\/2025\/11\/1-3-1024x686.jpg 1024w, http:\/\/www.agesinsaat.com\/wp-content\/uploads\/2025\/11\/1-3-768x514.jpg 768w, http:\/\/www.agesinsaat.com\/wp-content\/uploads\/2025\/11\/1-3-1536x1028.jpg 1536w, http:\/\/www.agesinsaat.com\/wp-content\/uploads\/2025\/11\/1-3-2048x1371.jpg 2048w\" sizes=\"(max-width: 2560px) 100vw, 2560px\" \/><\/a>\n\t\t\t<\/div><\/figure>\n\t\t<\/div>\n\t\t<\/div>\r\n\t\t\t\t\t\t<\/div>\n\t\t\t\t<\/div>\n\t\t\t\t\t<\/div>\n\t\t<\/div>\n\t\t\t\t\t<\/div>\n\t\t<\/section>\n\t\t\t\t<section class=\"elementor-section elementor-top-section elementor-element elementor-element-8029b79 elementor-section-boxed elementor-section-height-default elementor-section-height-default\" data-id=\"8029b79\" data-element_type=\"section\" data-e-type=\"section\">\n\t\t\t\t\t\t<div class=\"elementor-container elementor-column-gap-default\">\n\t\t\t\t\t<div class=\"elementor-column elementor-col-100 elementor-top-column elementor-element elementor-element-55558d99 ot-flex-column-vertical\" data-id=\"55558d99\" data-element_type=\"column\" data-e-type=\"column\">\n\t\t\t<div class=\"elementor-widget-wrap elementor-element-populated\">\n\t\t\t\t\t\t<div class=\"elementor-element elementor-element-fbfc73d elementor-widget elementor-widget-text-editor\" data-id=\"fbfc73d\" data-element_type=\"widget\" data-e-type=\"widget\" data-widget_type=\"text-editor.default\">\n\t\t\t\t\t\t\t\t\t<h3 data-start=\"1206\" data-end=\"1236\">Ages Mermer \u0130n\u015faat Fark\u0131<\/h3><ul data-start=\"1237\" data-end=\"1393\"><li data-start=\"1237\" data-end=\"1275\"><p data-start=\"1239\" data-end=\"1275\">Deneyimli usta ve m\u00fchendis kadrosu<\/p><\/li><li data-start=\"1276\" data-end=\"1317\"><p data-start=\"1278\" data-end=\"1317\">Malzeme kalitesinde tavizsiz yakla\u015f\u0131m<\/p><\/li><li data-start=\"1318\" data-end=\"1362\"><p data-start=\"1320\" data-end=\"1362\">Detaylara \u00f6zen g\u00f6steren i\u015f\u00e7ilik anlay\u0131\u015f\u0131<\/p><\/li><li data-start=\"1363\" data-end=\"1393\"><p data-start=\"1365\" data-end=\"1393\">Zaman\u0131nda teslim garantisi<\/p><\/li><\/ul><hr data-start=\"1395\" data-end=\"1398\" \/><h3 data-start=\"1400\" data-end=\"1424\">Teklif ve Bilgi Al<\/h3><p data-start=\"1425\" data-end=\"1615\">Projenizin kaba ve ince i\u015f\u00e7ilik s\u00fcre\u00e7lerini profesyonel \u015fekilde y\u00fcr\u00fctmek i\u00e7in bizimle ileti\u015fime ge\u00e7in. \u015eeffaf maliyet planlamas\u0131 ve zaman\u0131nda teslim garantisiyle kaliteli sonu\u00e7lara ula\u015f\u0131n.<\/p>\t\t\t\t\t\t\t\t<\/div>\n\t\t\t\t\t<\/div>\n\t\t<\/div>\n\t\t\t\t\t<\/div>\n\t\t<\/section>\n\t\t\t\t<\/div>\n\t\t","protected":false},"excerpt":{"rendered":"<p>Kaba ve \u0130nce \u0130\u015f\u00e7ilik Ages Mermer \u0130n\u015faat, in\u015faat\u0131n her a\u015famas\u0131nda titizlikle \u00e7al\u0131\u015farak kaliteyi ve esteti\u011fi bir araya getirir. Kaba yap\u0131dan son ince i\u015f\u00e7ili\u011fe kadar t\u00fcm s\u00fcre\u00e7lerde deneyimli ustalar\u0131m\u0131z ve m\u00fchendis ekibimizle projelerinizi g\u00fcvenle hayata ge\u00e7iriyoruz. Kaba \u0130n\u015faat A\u015famas\u0131 Bir yap\u0131n\u0131n sa\u011flaml\u0131\u011f\u0131, temelden itibaren at\u0131lan do\u011fru ad\u0131mlarla ba\u015flar. Bu nedenle kaba in\u015faat s\u00fcrecinde t\u00fcm yap\u0131sal elemanlar\u0131 [&hellip;]<\/p>\n","protected":false},"author":1,"featured_media":0,"parent":0,"menu_order":0,"comment_status":"closed","ping_status":"closed","template":"","meta":{"footnotes":""},"class_list":["post-5668","page","type-page","status-publish","hentry"],"_links":{"self":[{"href":"http:\/\/www.agesinsaat.com\/index.php\/wp-json\/wp\/v2\/pages\/5668","targetHints":{"allow":["GET"]}}],"collection":[{"href":"http:\/\/www.agesinsaat.com\/index.php\/wp-json\/wp\/v2\/pages"}],"about":[{"href":"http:\/\/www.agesinsaat.com\/index.php\/wp-json\/wp\/v2\/types\/page"}],"author":[{"embeddable":true,"href":"http:\/\/www.agesinsaat.com\/index.php\/wp-json\/wp\/v2\/users\/1"}],"replies":[{"embeddable":true,"href":"http:\/\/www.agesinsaat.com\/index.php\/wp-json\/wp\/v2\/comments?post=5668"}],"version-history":[{"count":8,"href":"http:\/\/www.agesinsaat.com\/index.php\/wp-json\/wp\/v2\/pages\/5668\/revisions"}],"predecessor-version":[{"id":5928,"href":"http:\/\/www.agesinsaat.com\/index.php\/wp-json\/wp\/v2\/pages\/5668\/revisions\/5928"}],"wp:attachment":[{"href":"http:\/\/www.agesinsaat.com\/index.php\/wp-json\/wp\/v2\/media?parent=5668"}],"curies":[{"name":"wp","href":"https:\/\/api.w.org\/{rel}","templated":true}]}}