{"id":5650,"date":"2025-11-12T08:01:54","date_gmt":"2025-11-12T08:01:54","guid":{"rendered":"https:\/\/www.agesinsaat.com\/?page_id=5650"},"modified":"2025-11-13T10:43:08","modified_gmt":"2025-11-13T10:43:08","slug":"tadilat-ve-yenileme-hizmetleri","status":"publish","type":"page","link":"http:\/\/www.agesinsaat.com\/index.php\/tadilat-ve-yenileme-hizmetleri\/","title":{"rendered":"Tadilat ve Yenileme Hizmetleri"},"content":{"rendered":"\t\t<div data-elementor-type=\"wp-page\" data-elementor-id=\"5650\" class=\"elementor elementor-5650\">\n\t\t\t\t\t\t<section class=\"elementor-section elementor-top-section elementor-element elementor-element-36946780 elementor-section-boxed elementor-section-height-default elementor-section-height-default\" data-id=\"36946780\" data-element_type=\"section\" data-e-type=\"section\">\n\t\t\t\t\t\t<div class=\"elementor-container elementor-column-gap-extended\">\n\t\t\t\t\t<div class=\"elementor-column elementor-col-100 elementor-top-column elementor-element elementor-element-18942cc4 ot-flex-column-vertical\" data-id=\"18942cc4\" data-element_type=\"column\" data-e-type=\"column\">\n\t\t\t<div class=\"elementor-widget-wrap elementor-element-populated\">\n\t\t\t\t\t\t<div class=\"elementor-element elementor-element-723ea45e elementor-drop-cap-yes elementor-drop-cap-view-default elementor-widget elementor-widget-text-editor\" data-id=\"723ea45e\" data-element_type=\"widget\" data-e-type=\"widget\" data-settings=\"{&quot;drop_cap&quot;:&quot;yes&quot;}\" data-widget_type=\"text-editor.default\">\n\t\t\t\t\t\t\t\t\t<h2 data-start=\"153\" data-end=\"188\">Tadilat ve Yenileme Hizmetleri<\/h2><p data-start=\"190\" data-end=\"455\"><strong data-start=\"190\" data-end=\"212\">Ages Mermer \u0130n\u015faat<\/strong>, eski yap\u0131lar\u0131 modern ya\u015fam standartlar\u0131na uygun hale getirerek yeniden de\u011fer kazand\u0131r\u0131r. Konut, villa, ofis veya ticari alan fark etmeksizin, tadilat ve yenileme projelerinizi profesyonel ekibimizle A\u2019dan Z\u2019ye planlay\u0131p hayata ge\u00e7iriyoruz.<\/p><h3 data-start=\"457\" data-end=\"496\">Ya\u015fam Alanlar\u0131n\u0131za Yeni Bir Soluk<\/h3><p data-start=\"497\" data-end=\"643\">Zamanla y\u0131pranan, i\u015flevini yitiren veya estetik a\u00e7\u0131dan g\u00fcncelli\u011fini kaybeden alanlar\u0131n\u0131z\u0131 modern, konforlu ve estetik bir yap\u0131ya d\u00f6n\u00fc\u015ft\u00fcr\u00fcyoruz.<\/p><ul data-start=\"644\" data-end=\"847\"><li data-start=\"644\" data-end=\"678\"><p data-start=\"646\" data-end=\"678\">Duvar, zemin ve tavan yenileme<\/p><\/li><li data-start=\"679\" data-end=\"726\"><p data-start=\"681\" data-end=\"726\">Elektrik, su ve do\u011falgaz tesisat\u0131 d\u00fczenleme<\/p><\/li><li data-start=\"727\" data-end=\"763\"><p data-start=\"729\" data-end=\"763\">Is\u0131 ve ses yal\u0131t\u0131m\u0131 uygulamalar\u0131<\/p><\/li><li data-start=\"764\" data-end=\"805\"><p data-start=\"766\" data-end=\"805\">Banyo, mutfak ve ya\u015fam alan\u0131 tasar\u0131m\u0131<\/p><\/li><li data-start=\"806\" data-end=\"847\"><p data-start=\"808\" data-end=\"847\">Boya, kaplama ve i\u00e7 mimari dokunu\u015flar<\/p><\/li><\/ul><h3 data-start=\"849\" data-end=\"886\">Planl\u0131 ve \u015eeffaf S\u00fcre\u00e7 Y\u00f6netimi<\/h3><p data-start=\"887\" data-end=\"1101\">Tadilat s\u00fcrecinde her ad\u0131m\u0131 \u015feffaf bi\u00e7imde planl\u0131yor, proje teslim s\u00fcresini ve b\u00fct\u00e7eyi \u00f6nceden belirliyoruz. Uygulama a\u015famas\u0131nda profesyonel i\u015f\u00e7ilik ve kaliteli malzeme kullanarak, uzun \u00f6m\u00fcrl\u00fc \u00e7\u00f6z\u00fcmler sunuyoruz.<\/p>\t\t\t\t\t\t\t\t<\/div>\n\t\t\t\t\t<\/div>\n\t\t<\/div>\n\t\t\t\t\t<\/div>\n\t\t<\/section>\n\t\t\t\t<section class=\"elementor-section elementor-top-section elementor-element elementor-element-11dd2017 elementor-section-boxed elementor-section-height-default elementor-section-height-default\" data-id=\"11dd2017\" data-element_type=\"section\" data-e-type=\"section\">\n\t\t\t\t\t\t<div class=\"elementor-container elementor-column-gap-default\">\n\t\t\t\t\t<div class=\"elementor-column elementor-col-100 elementor-top-column elementor-element elementor-element-6c19e0e8 ot-flex-column-vertical\" data-id=\"6c19e0e8\" data-element_type=\"column\" data-e-type=\"column\">\n\t\t\t<div class=\"elementor-widget-wrap elementor-element-populated\">\n\t\t\t\t\t\t<div class=\"elementor-element elementor-element-339b99d3 elementor-widget elementor-widget-igimages\" data-id=\"339b99d3\" data-element_type=\"widget\" data-e-type=\"widget\" data-widget_type=\"igimages.default\">\n\t\t\t\t<div class=\"elementor-widget-container\">\n\t\t\t\t\t\t\t<div class=\"image-gallery\">\r\n\t\t<div id='gallery-1' class='gallery galleryid-5650 gallery-columns-2 gallery-size-theratio-portfolio-thumbnail-grid'><figure class='gallery-item'>\n\t\t\t<div class='gallery-icon landscape'>\n\t\t\t\t<a data-elementor-open-lightbox=\"no\" href='http:\/\/www.agesinsaat.com\/wp-content\/uploads\/2025\/11\/a1-scaled.jpg'><img fetchpriority=\"high\" decoding=\"async\" width=\"720\" height=\"720\" src=\"http:\/\/www.agesinsaat.com\/wp-content\/uploads\/2025\/11\/a1-720x720.jpg\" class=\"attachment-theratio-portfolio-thumbnail-grid size-theratio-portfolio-thumbnail-grid\" alt=\"\" srcset=\"http:\/\/www.agesinsaat.com\/wp-content\/uploads\/2025\/11\/a1-720x720.jpg 720w, http:\/\/www.agesinsaat.com\/wp-content\/uploads\/2025\/11\/a1-150x150.jpg 150w\" sizes=\"(max-width: 720px) 100vw, 720px\" \/><\/a>\n\t\t\t<\/div><\/figure><figure class='gallery-item'>\n\t\t\t<div class='gallery-icon landscape'>\n\t\t\t\t<a data-elementor-open-lightbox=\"no\" href='http:\/\/www.agesinsaat.com\/wp-content\/uploads\/2025\/11\/a2-scaled.jpg'><img decoding=\"async\" width=\"720\" height=\"720\" src=\"http:\/\/www.agesinsaat.com\/wp-content\/uploads\/2025\/11\/a2-720x720.jpg\" class=\"attachment-theratio-portfolio-thumbnail-grid size-theratio-portfolio-thumbnail-grid\" alt=\"\" srcset=\"http:\/\/www.agesinsaat.com\/wp-content\/uploads\/2025\/11\/a2-720x720.jpg 720w, http:\/\/www.agesinsaat.com\/wp-content\/uploads\/2025\/11\/a2-150x150.jpg 150w\" sizes=\"(max-width: 720px) 100vw, 720px\" \/><\/a>\n\t\t\t<\/div><\/figure><figure class='gallery-item'>\n\t\t\t<div class='gallery-icon landscape'>\n\t\t\t\t<a data-elementor-open-lightbox=\"no\" href='http:\/\/www.agesinsaat.com\/wp-content\/uploads\/2025\/11\/a3-scaled.jpg'><img decoding=\"async\" width=\"720\" height=\"720\" src=\"http:\/\/www.agesinsaat.com\/wp-content\/uploads\/2025\/11\/a3-720x720.jpg\" class=\"attachment-theratio-portfolio-thumbnail-grid size-theratio-portfolio-thumbnail-grid\" alt=\"\" srcset=\"http:\/\/www.agesinsaat.com\/wp-content\/uploads\/2025\/11\/a3-720x720.jpg 720w, http:\/\/www.agesinsaat.com\/wp-content\/uploads\/2025\/11\/a3-150x150.jpg 150w\" sizes=\"(max-width: 720px) 100vw, 720px\" \/><\/a>\n\t\t\t<\/div><\/figure><figure class='gallery-item'>\n\t\t\t<div class='gallery-icon landscape'>\n\t\t\t\t<a data-elementor-open-lightbox=\"no\" href='http:\/\/www.agesinsaat.com\/wp-content\/uploads\/2025\/11\/a4-scaled.jpg'><img loading=\"lazy\" decoding=\"async\" width=\"720\" height=\"720\" src=\"http:\/\/www.agesinsaat.com\/wp-content\/uploads\/2025\/11\/a4-720x720.jpg\" class=\"attachment-theratio-portfolio-thumbnail-grid size-theratio-portfolio-thumbnail-grid\" alt=\"\" srcset=\"http:\/\/www.agesinsaat.com\/wp-content\/uploads\/2025\/11\/a4-720x720.jpg 720w, http:\/\/www.agesinsaat.com\/wp-content\/uploads\/2025\/11\/a4-150x150.jpg 150w\" sizes=\"(max-width: 720px) 100vw, 720px\" \/><\/a>\n\t\t\t<\/div><\/figure><figure class='gallery-item'>\n\t\t\t<div class='gallery-icon landscape'>\n\t\t\t\t<a data-elementor-open-lightbox=\"no\" href='http:\/\/www.agesinsaat.com\/wp-content\/uploads\/2025\/11\/a6-scaled.jpg'><img loading=\"lazy\" decoding=\"async\" width=\"720\" height=\"720\" src=\"http:\/\/www.agesinsaat.com\/wp-content\/uploads\/2025\/11\/a6-720x720.jpg\" class=\"attachment-theratio-portfolio-thumbnail-grid size-theratio-portfolio-thumbnail-grid\" alt=\"\" srcset=\"http:\/\/www.agesinsaat.com\/wp-content\/uploads\/2025\/11\/a6-720x720.jpg 720w, http:\/\/www.agesinsaat.com\/wp-content\/uploads\/2025\/11\/a6-150x150.jpg 150w\" sizes=\"(max-width: 720px) 100vw, 720px\" \/><\/a>\n\t\t\t<\/div><\/figure><figure class='gallery-item'>\n\t\t\t<div class='gallery-icon landscape'>\n\t\t\t\t<a data-elementor-open-lightbox=\"no\" href='http:\/\/www.agesinsaat.com\/wp-content\/uploads\/2025\/11\/a7-scaled.jpg'><img loading=\"lazy\" decoding=\"async\" width=\"720\" height=\"720\" src=\"http:\/\/www.agesinsaat.com\/wp-content\/uploads\/2025\/11\/a7-720x720.jpg\" class=\"attachment-theratio-portfolio-thumbnail-grid size-theratio-portfolio-thumbnail-grid\" alt=\"\" srcset=\"http:\/\/www.agesinsaat.com\/wp-content\/uploads\/2025\/11\/a7-720x720.jpg 720w, http:\/\/www.agesinsaat.com\/wp-content\/uploads\/2025\/11\/a7-150x150.jpg 150w\" sizes=\"(max-width: 720px) 100vw, 720px\" \/><\/a>\n\t\t\t<\/div><\/figure><figure class='gallery-item'>\n\t\t\t<div class='gallery-icon landscape'>\n\t\t\t\t<a data-elementor-open-lightbox=\"no\" href='http:\/\/www.agesinsaat.com\/wp-content\/uploads\/2025\/11\/a8-scaled.jpg'><img loading=\"lazy\" decoding=\"async\" width=\"720\" height=\"720\" src=\"http:\/\/www.agesinsaat.com\/wp-content\/uploads\/2025\/11\/a8-720x720.jpg\" class=\"attachment-theratio-portfolio-thumbnail-grid size-theratio-portfolio-thumbnail-grid\" alt=\"\" srcset=\"http:\/\/www.agesinsaat.com\/wp-content\/uploads\/2025\/11\/a8-720x720.jpg 720w, http:\/\/www.agesinsaat.com\/wp-content\/uploads\/2025\/11\/a8-150x150.jpg 150w\" sizes=\"(max-width: 720px) 100vw, 720px\" \/><\/a>\n\t\t\t<\/div><\/figure><figure class='gallery-item'>\n\t\t\t<div class='gallery-icon landscape'>\n\t\t\t\t<a data-elementor-open-lightbox=\"no\" href='http:\/\/www.agesinsaat.com\/wp-content\/uploads\/2025\/11\/a9-scaled.jpg'><img loading=\"lazy\" decoding=\"async\" width=\"720\" height=\"720\" src=\"http:\/\/www.agesinsaat.com\/wp-content\/uploads\/2025\/11\/a9-720x720.jpg\" class=\"attachment-theratio-portfolio-thumbnail-grid size-theratio-portfolio-thumbnail-grid\" alt=\"\" srcset=\"http:\/\/www.agesinsaat.com\/wp-content\/uploads\/2025\/11\/a9-720x720.jpg 720w, http:\/\/www.agesinsaat.com\/wp-content\/uploads\/2025\/11\/a9-150x150.jpg 150w\" sizes=\"(max-width: 720px) 100vw, 720px\" \/><\/a>\n\t\t\t<\/div><\/figure><figure class='gallery-item'>\n\t\t\t<div class='gallery-icon landscape'>\n\t\t\t\t<a data-elementor-open-lightbox=\"no\" href='http:\/\/www.agesinsaat.com\/wp-content\/uploads\/2025\/11\/a10-scaled.jpg'><img loading=\"lazy\" decoding=\"async\" width=\"720\" height=\"720\" src=\"http:\/\/www.agesinsaat.com\/wp-content\/uploads\/2025\/11\/a10-720x720.jpg\" class=\"attachment-theratio-portfolio-thumbnail-grid size-theratio-portfolio-thumbnail-grid\" alt=\"\" srcset=\"http:\/\/www.agesinsaat.com\/wp-content\/uploads\/2025\/11\/a10-720x720.jpg 720w, http:\/\/www.agesinsaat.com\/wp-content\/uploads\/2025\/11\/a10-150x150.jpg 150w\" sizes=\"(max-width: 720px) 100vw, 720px\" \/><\/a>\n\t\t\t<\/div><\/figure><figure class='gallery-item'>\n\t\t\t<div class='gallery-icon landscape'>\n\t\t\t\t<a data-elementor-open-lightbox=\"no\" href='http:\/\/www.agesinsaat.com\/wp-content\/uploads\/2025\/11\/a11-scaled.jpg'><img loading=\"lazy\" decoding=\"async\" width=\"720\" height=\"720\" src=\"http:\/\/www.agesinsaat.com\/wp-content\/uploads\/2025\/11\/a11-720x720.jpg\" class=\"attachment-theratio-portfolio-thumbnail-grid size-theratio-portfolio-thumbnail-grid\" alt=\"\" srcset=\"http:\/\/www.agesinsaat.com\/wp-content\/uploads\/2025\/11\/a11-720x720.jpg 720w, http:\/\/www.agesinsaat.com\/wp-content\/uploads\/2025\/11\/a11-150x150.jpg 150w\" sizes=\"(max-width: 720px) 100vw, 720px\" \/><\/a>\n\t\t\t<\/div><\/figure><figure class='gallery-item'>\n\t\t\t<div class='gallery-icon landscape'>\n\t\t\t\t<a data-elementor-open-lightbox=\"no\" href='http:\/\/www.agesinsaat.com\/wp-content\/uploads\/2025\/11\/a12-scaled.jpg'><img loading=\"lazy\" decoding=\"async\" width=\"720\" height=\"720\" src=\"http:\/\/www.agesinsaat.com\/wp-content\/uploads\/2025\/11\/a12-720x720.jpg\" class=\"attachment-theratio-portfolio-thumbnail-grid size-theratio-portfolio-thumbnail-grid\" alt=\"\" srcset=\"http:\/\/www.agesinsaat.com\/wp-content\/uploads\/2025\/11\/a12-720x720.jpg 720w, http:\/\/www.agesinsaat.com\/wp-content\/uploads\/2025\/11\/a12-150x150.jpg 150w\" sizes=\"(max-width: 720px) 100vw, 720px\" \/><\/a>\n\t\t\t<\/div><\/figure><figure class='gallery-item'>\n\t\t\t<div class='gallery-icon landscape'>\n\t\t\t\t<a data-elementor-open-lightbox=\"no\" href='http:\/\/www.agesinsaat.com\/wp-content\/uploads\/2025\/11\/a13-scaled.jpg'><img loading=\"lazy\" decoding=\"async\" width=\"720\" height=\"720\" src=\"http:\/\/www.agesinsaat.com\/wp-content\/uploads\/2025\/11\/a13-720x720.jpg\" class=\"attachment-theratio-portfolio-thumbnail-grid size-theratio-portfolio-thumbnail-grid\" alt=\"\" srcset=\"http:\/\/www.agesinsaat.com\/wp-content\/uploads\/2025\/11\/a13-720x720.jpg 720w, http:\/\/www.agesinsaat.com\/wp-content\/uploads\/2025\/11\/a13-150x150.jpg 150w\" sizes=\"(max-width: 720px) 100vw, 720px\" \/><\/a>\n\t\t\t<\/div><\/figure>\n\t\t<\/div>\n\t\t<\/div>\r\n\t\t\t\t\t\t<\/div>\n\t\t\t\t<\/div>\n\t\t\t\t<div class=\"elementor-element elementor-element-59a0a2bc elementor-widget elementor-widget-text-editor\" data-id=\"59a0a2bc\" data-element_type=\"widget\" data-e-type=\"widget\" data-widget_type=\"text-editor.default\">\n\t\t\t\t\t\t\t\t\t<h3 data-start=\"1103\" data-end=\"1133\">Ages Mermer \u0130n\u015faat Fark\u0131<\/h3><ul data-start=\"1134\" data-end=\"1297\"><li data-start=\"1134\" data-end=\"1177\"><p data-start=\"1136\" data-end=\"1177\">Alan\u0131nda uzman teknik ve uygulama ekibi<\/p><\/li><li data-start=\"1178\" data-end=\"1210\"><p data-start=\"1180\" data-end=\"1210\">Modern i\u00e7 mimari yakla\u015f\u0131mlar<\/p><\/li><li data-start=\"1211\" data-end=\"1261\"><p data-start=\"1213\" data-end=\"1261\">Zaman\u0131nda teslim ve s\u00f6zle\u015fmeli \u00e7al\u0131\u015fma sistemi<\/p><\/li><li data-start=\"1262\" data-end=\"1297\"><p data-start=\"1264\" data-end=\"1297\">Estetik ve fonksiyonel sonu\u00e7lar<\/p><\/li><\/ul><hr data-start=\"1299\" data-end=\"1302\" \/><h3 data-start=\"1304\" data-end=\"1328\">Teklif ve Bilgi Al<\/h3><p data-start=\"1329\" data-end=\"1524\">Evinizi veya i\u015f yerinizi yenilemek mi istiyorsunuz? Projenizin \u00f6l\u00e7\u00fcs\u00fcne uygun maliyet analizi ve tasar\u0131m \u00f6nerileri i\u00e7in bizimle ileti\u015fime ge\u00e7in. \u00dccretsiz ke\u015fif ve teklif f\u0131rsat\u0131ndan yararlan\u0131n.<\/p>\t\t\t\t\t\t\t\t<\/div>\n\t\t\t\t<div class=\"elementor-element elementor-element-565affd7 elementor-widget elementor-widget-text-editor\" data-id=\"565affd7\" data-element_type=\"widget\" data-e-type=\"widget\" data-widget_type=\"text-editor.default\">\n\t\t\t\t\t\t\t\t\t<h3 data-start=\"1566\" data-end=\"1590\">Teklif ve Bilgi Al<\/h3><p data-start=\"1591\" data-end=\"1768\">Hayalinizdeki evi ger\u00e7e\u011fe d\u00f6n\u00fc\u015ft\u00fcrmek i\u00e7in hemen bizimle ileti\u015fime ge\u00e7in. Projenizle ilgili \u00f6n g\u00f6r\u00fc\u015fme, maliyet analizi ve mimari \u00f6neriler i\u00e7in \u00fccretsiz dan\u0131\u015fmanl\u0131k sunuyoruz.<\/p><h3 data-start=\"1770\" data-end=\"1800\">G\u00fcven, Tecr\u00fcbe ve Kalite<\/h3><p data-start=\"1801\" data-end=\"1990\">Ages Mermer \u0130n\u015faat olarak, y\u0131llar\u0131n tecr\u00fcbesiyle her projeye ayn\u0131 \u00f6zenle yakla\u015f\u0131r, i\u015fimizi s\u00f6z verdi\u011fimiz \u015fekilde ve zamanda teslim ederiz. M\u00fc\u015fteri memnuniyeti, en \u00f6nemli referans\u0131m\u0131zd\u0131r.<\/p>\t\t\t\t\t\t\t\t<\/div>\n\t\t\t\t<div class=\"elementor-element elementor-element-410c30e2 elementor-shape-circle e-grid-align-right elementor-grid-0 elementor-widget elementor-widget-social-icons\" data-id=\"410c30e2\" data-element_type=\"widget\" data-e-type=\"widget\" data-widget_type=\"social-icons.default\">\n\t\t\t\t\t\t\t<div class=\"elementor-social-icons-wrapper elementor-grid\" role=\"list\">\n\t\t\t\t\t\t\t<span class=\"elementor-grid-item\" role=\"listitem\">\n\t\t\t\t\t<a class=\"elementor-icon elementor-social-icon elementor-social-icon-twitter elementor-repeater-item-b21ab7d\" href=\"#\" target=\"_blank\">\n\t\t\t\t\t\t<span class=\"elementor-screen-only\">Twitter<\/span>\n\t\t\t\t\t\t<svg aria-hidden=\"true\" class=\"e-font-icon-svg e-fab-twitter\" viewBox=\"0 0 512 512\" xmlns=\"http:\/\/www.w3.org\/2000\/svg\"><path d=\"M459.37 151.716c.325 4.548.325 9.097.325 13.645 0 138.72-105.583 298.558-298.558 298.558-59.452 0-114.68-17.219-161.137-47.106 8.447.974 16.568 1.299 25.34 1.299 49.055 0 94.213-16.568 130.274-44.832-46.132-.975-84.792-31.188-98.112-72.772 6.498.974 12.995 1.624 19.818 1.624 9.421 0 18.843-1.3 27.614-3.573-48.081-9.747-84.143-51.98-84.143-102.985v-1.299c13.969 7.797 30.214 12.67 47.431 13.319-28.264-18.843-46.781-51.005-46.781-87.391 0-19.492 5.197-37.36 14.294-52.954 51.655 63.675 129.3 105.258 216.365 109.807-1.624-7.797-2.599-15.918-2.599-24.04 0-57.828 46.782-104.934 104.934-104.934 30.213 0 57.502 12.67 76.67 33.137 23.715-4.548 46.456-13.32 66.599-25.34-7.798 24.366-24.366 44.833-46.132 57.827 21.117-2.273 41.584-8.122 60.426-16.243-14.292 20.791-32.161 39.308-52.628 54.253z\"><\/path><\/svg>\t\t\t\t\t<\/a>\n\t\t\t\t<\/span>\n\t\t\t\t\t\t\t<span class=\"elementor-grid-item\" role=\"listitem\">\n\t\t\t\t\t<a class=\"elementor-icon elementor-social-icon elementor-social-icon-facebook-f elementor-repeater-item-a618ba5\" href=\"#\" target=\"_blank\">\n\t\t\t\t\t\t<span class=\"elementor-screen-only\">Facebook-f<\/span>\n\t\t\t\t\t\t<svg aria-hidden=\"true\" class=\"e-font-icon-svg e-fab-facebook-f\" viewBox=\"0 0 320 512\" xmlns=\"http:\/\/www.w3.org\/2000\/svg\"><path d=\"M279.14 288l14.22-92.66h-88.91v-60.13c0-25.35 12.42-50.06 52.24-50.06h40.42V6.26S260.43 0 225.36 0c-73.22 0-121.08 44.38-121.08 124.72v70.62H22.89V288h81.39v224h100.17V288z\"><\/path><\/svg>\t\t\t\t\t<\/a>\n\t\t\t\t<\/span>\n\t\t\t\t\t\t\t<span class=\"elementor-grid-item\" role=\"listitem\">\n\t\t\t\t\t<a class=\"elementor-icon elementor-social-icon elementor-social-icon-linkedin-in elementor-repeater-item-cf6eb9b\" href=\"#\" target=\"_blank\">\n\t\t\t\t\t\t<span class=\"elementor-screen-only\">Linkedin-in<\/span>\n\t\t\t\t\t\t<svg aria-hidden=\"true\" class=\"e-font-icon-svg e-fab-linkedin-in\" viewBox=\"0 0 448 512\" xmlns=\"http:\/\/www.w3.org\/2000\/svg\"><path d=\"M100.28 448H7.4V148.9h92.88zM53.79 108.1C24.09 108.1 0 83.5 0 53.8a53.79 53.79 0 0 1 107.58 0c0 29.7-24.1 54.3-53.79 54.3zM447.9 448h-92.68V302.4c0-34.7-.7-79.2-48.29-79.2-48.29 0-55.69 37.7-55.69 76.7V448h-92.78V148.9h89.08v40.8h1.3c12.4-23.5 42.69-48.3 87.88-48.3 94 0 111.28 61.9 111.28 142.3V448z\"><\/path><\/svg>\t\t\t\t\t<\/a>\n\t\t\t\t<\/span>\n\t\t\t\t\t\t\t<span class=\"elementor-grid-item\" role=\"listitem\">\n\t\t\t\t\t<a class=\"elementor-icon elementor-social-icon elementor-social-icon-instagram elementor-repeater-item-d1608c8\" href=\"#\" target=\"_blank\">\n\t\t\t\t\t\t<span class=\"elementor-screen-only\">Instagram<\/span>\n\t\t\t\t\t\t<svg aria-hidden=\"true\" class=\"e-font-icon-svg e-fab-instagram\" viewBox=\"0 0 448 512\" xmlns=\"http:\/\/www.w3.org\/2000\/svg\"><path d=\"M224.1 141c-63.6 0-114.9 51.3-114.9 114.9s51.3 114.9 114.9 114.9S339 319.5 339 255.9 287.7 141 224.1 141zm0 189.6c-41.1 0-74.7-33.5-74.7-74.7s33.5-74.7 74.7-74.7 74.7 33.5 74.7 74.7-33.6 74.7-74.7 74.7zm146.4-194.3c0 14.9-12 26.8-26.8 26.8-14.9 0-26.8-12-26.8-26.8s12-26.8 26.8-26.8 26.8 12 26.8 26.8zm76.1 27.2c-1.7-35.9-9.9-67.7-36.2-93.9-26.2-26.2-58-34.4-93.9-36.2-37-2.1-147.9-2.1-184.9 0-35.8 1.7-67.6 9.9-93.9 36.1s-34.4 58-36.2 93.9c-2.1 37-2.1 147.9 0 184.9 1.7 35.9 9.9 67.7 36.2 93.9s58 34.4 93.9 36.2c37 2.1 147.9 2.1 184.9 0 35.9-1.7 67.7-9.9 93.9-36.2 26.2-26.2 34.4-58 36.2-93.9 2.1-37 2.1-147.8 0-184.8zM398.8 388c-7.8 19.6-22.9 34.7-42.6 42.6-29.5 11.7-99.5 9-132.1 9s-102.7 2.6-132.1-9c-19.6-7.8-34.7-22.9-42.6-42.6-11.7-29.5-9-99.5-9-132.1s-2.6-102.7 9-132.1c7.8-19.6 22.9-34.7 42.6-42.6 29.5-11.7 99.5-9 132.1-9s102.7-2.6 132.1 9c19.6 7.8 34.7 22.9 42.6 42.6 11.7 29.5 9 99.5 9 132.1s2.7 102.7-9 132.1z\"><\/path><\/svg>\t\t\t\t\t<\/a>\n\t\t\t\t<\/span>\n\t\t\t\t\t<\/div>\n\t\t\t\t\t\t<\/div>\n\t\t\t\t\t<\/div>\n\t\t<\/div>\n\t\t\t\t\t<\/div>\n\t\t<\/section>\n\t\t\t\t<\/div>\n\t\t","protected":false},"excerpt":{"rendered":"<p>Tadilat ve Yenileme Hizmetleri Ages Mermer \u0130n\u015faat, eski yap\u0131lar\u0131 modern ya\u015fam standartlar\u0131na uygun hale getirerek yeniden de\u011fer kazand\u0131r\u0131r. Konut, villa, ofis veya ticari alan fark etmeksizin, tadilat ve yenileme projelerinizi profesyonel ekibimizle A\u2019dan Z\u2019ye planlay\u0131p hayata ge\u00e7iriyoruz. Ya\u015fam Alanlar\u0131n\u0131za Yeni Bir Soluk Zamanla y\u0131pranan, i\u015flevini yitiren veya estetik a\u00e7\u0131dan g\u00fcncelli\u011fini kaybeden alanlar\u0131n\u0131z\u0131 modern, konforlu ve [&hellip;]<\/p>\n","protected":false},"author":1,"featured_media":0,"parent":0,"menu_order":0,"comment_status":"closed","ping_status":"closed","template":"","meta":{"footnotes":""},"class_list":["post-5650","page","type-page","status-publish","hentry"],"_links":{"self":[{"href":"http:\/\/www.agesinsaat.com\/index.php\/wp-json\/wp\/v2\/pages\/5650","targetHints":{"allow":["GET"]}}],"collection":[{"href":"http:\/\/www.agesinsaat.com\/index.php\/wp-json\/wp\/v2\/pages"}],"about":[{"href":"http:\/\/www.agesinsaat.com\/index.php\/wp-json\/wp\/v2\/types\/page"}],"author":[{"embeddable":true,"href":"http:\/\/www.agesinsaat.com\/index.php\/wp-json\/wp\/v2\/users\/1"}],"replies":[{"embeddable":true,"href":"http:\/\/www.agesinsaat.com\/index.php\/wp-json\/wp\/v2\/comments?post=5650"}],"version-history":[{"count":4,"href":"http:\/\/www.agesinsaat.com\/index.php\/wp-json\/wp\/v2\/pages\/5650\/revisions"}],"predecessor-version":[{"id":5667,"href":"http:\/\/www.agesinsaat.com\/index.php\/wp-json\/wp\/v2\/pages\/5650\/revisions\/5667"}],"wp:attachment":[{"href":"http:\/\/www.agesinsaat.com\/index.php\/wp-json\/wp\/v2\/media?parent=5650"}],"curies":[{"name":"wp","href":"https:\/\/api.w.org\/{rel}","templated":true}]}}