{"id":5634,"date":"2025-11-12T07:40:06","date_gmt":"2025-11-12T07:40:06","guid":{"rendered":"https:\/\/www.agesinsaat.com\/?page_id=5634"},"modified":"2025-11-17T11:39:11","modified_gmt":"2025-11-17T11:39:11","slug":"bina-cephe-kaplama","status":"publish","type":"page","link":"http:\/\/www.agesinsaat.com\/index.php\/bina-cephe-kaplama\/","title":{"rendered":"Bina Cephe Kaplama"},"content":{"rendered":"\t\t<div data-elementor-type=\"wp-page\" data-elementor-id=\"5634\" class=\"elementor elementor-5634\">\n\t\t\t\t\t\t<section class=\"elementor-section elementor-top-section elementor-element elementor-element-53d0c734 elementor-section-boxed elementor-section-height-default elementor-section-height-default\" data-id=\"53d0c734\" data-element_type=\"section\" data-e-type=\"section\">\n\t\t\t\t\t\t<div class=\"elementor-container elementor-column-gap-extended\">\n\t\t\t\t\t<div class=\"elementor-column elementor-col-100 elementor-top-column elementor-element elementor-element-6b3b82b7 ot-flex-column-vertical\" data-id=\"6b3b82b7\" data-element_type=\"column\" data-e-type=\"column\">\n\t\t\t<div class=\"elementor-widget-wrap elementor-element-populated\">\n\t\t\t\t\t\t<div class=\"elementor-element elementor-element-354e5cfb elementor-drop-cap-yes elementor-drop-cap-view-default elementor-widget elementor-widget-text-editor\" data-id=\"354e5cfb\" data-element_type=\"widget\" data-e-type=\"widget\" data-settings=\"{&quot;drop_cap&quot;:&quot;yes&quot;}\" data-widget_type=\"text-editor.default\">\n\t\t\t\t\t\t\t\t\t<h2 data-start=\"142\" data-end=\"165\">Bina Cephe Kaplama<\/h2><p data-start=\"167\" data-end=\"457\"><strong data-start=\"167\" data-end=\"189\">Ages Mermer \u0130n\u015faat<\/strong>, binalar\u0131n\u0131za estetik, dayan\u0131kl\u0131l\u0131k ve enerji verimlili\u011fini bir arada sunan modern <strong data-start=\"273\" data-end=\"300\">cephe kaplama \u00e7\u00f6z\u00fcmleri<\/strong> \u00fcretir. Uzun \u00f6m\u00fcrl\u00fc malzemelerle uygulad\u0131\u011f\u0131m\u0131z cephe sistemleri sayesinde yap\u0131lar\u0131n\u0131z, hem d\u0131\u015f etkenlere kar\u015f\u0131 korunur hem de \u00e7a\u011fda\u015f bir g\u00f6r\u00fcn\u00fcme kavu\u015fur.<\/p><h3 data-start=\"459\" data-end=\"501\">Modern ve Dayan\u0131kl\u0131 Cephe Sistemleri<\/h3><p data-start=\"502\" data-end=\"634\">Her bina farkl\u0131 ihtiya\u00e7lara sahiptir. Bu nedenle projelerimizi; konum, iklim ko\u015fullar\u0131 ve mimari yap\u0131ya uygun olarak tasarl\u0131yoruz.<\/p><ul data-start=\"635\" data-end=\"819\"><li data-start=\"635\" data-end=\"676\"><p data-start=\"637\" data-end=\"676\">Do\u011fal ta\u015f ve mermer cephe kaplamalar\u0131<\/p><\/li><li data-start=\"677\" data-end=\"718\"><p data-start=\"679\" data-end=\"718\">Kompozit panel ve al\u00fcminyum sistemler<\/p><\/li><li data-start=\"719\" data-end=\"763\"><p data-start=\"721\" data-end=\"763\">Is\u0131 ve ses yal\u0131t\u0131ml\u0131 d\u0131\u015f cephe \u00e7\u00f6z\u00fcmleri<\/p><\/li><li data-start=\"764\" data-end=\"819\"><p data-start=\"766\" data-end=\"819\">Estetik tasar\u0131ma sahip dekoratif y\u00fczey uygulamalar\u0131<\/p><\/li><\/ul><h3 data-start=\"821\" data-end=\"856\">Enerji Verimlili\u011fi ve Yal\u0131t\u0131m<\/h3><p data-start=\"857\" data-end=\"1091\">Cephe kaplama yaln\u0131zca g\u00f6rsellik de\u011fil, <strong data-start=\"897\" data-end=\"913\">\u0131s\u0131 yal\u0131t\u0131m\u0131<\/strong> ve <strong data-start=\"917\" data-end=\"937\">enerji tasarrufu<\/strong> a\u00e7\u0131s\u0131ndan da b\u00fcy\u00fck \u00f6nem ta\u015f\u0131r. Kulland\u0131\u011f\u0131m\u0131z y\u00fcksek kaliteli yal\u0131t\u0131m malzemeleriyle i\u00e7 mekan s\u0131cakl\u0131\u011f\u0131n\u0131 dengede tutar, enerji maliyetlerini azalt\u0131r\u0131z.<\/p>\t\t\t\t\t\t\t\t<\/div>\n\t\t\t\t\t<\/div>\n\t\t<\/div>\n\t\t\t\t\t<\/div>\n\t\t<\/section>\n\t\t\t\t<section class=\"elementor-section elementor-top-section elementor-element elementor-element-68c47364 elementor-section-boxed elementor-section-height-default elementor-section-height-default\" data-id=\"68c47364\" data-element_type=\"section\" data-e-type=\"section\">\n\t\t\t\t\t\t<div class=\"elementor-container elementor-column-gap-default\">\n\t\t\t\t\t<div class=\"elementor-column elementor-col-100 elementor-top-column elementor-element elementor-element-4c4a45a5 ot-flex-column-vertical\" data-id=\"4c4a45a5\" data-element_type=\"column\" data-e-type=\"column\">\n\t\t\t<div class=\"elementor-widget-wrap elementor-element-populated\">\n\t\t\t\t\t\t<div class=\"elementor-element elementor-element-700d8cf2 elementor-widget elementor-widget-igimages\" data-id=\"700d8cf2\" data-element_type=\"widget\" data-e-type=\"widget\" data-widget_type=\"igimages.default\">\n\t\t\t\t<div class=\"elementor-widget-container\">\n\t\t\t\t\t\t\t<div class=\"image-gallery\">\r\n\t\t<div id='gallery-1' class='gallery galleryid-5634 gallery-columns-1 gallery-size-full'><figure class='gallery-item'>\n\t\t\t<div class='gallery-icon landscape'>\n\t\t\t\t<a data-elementor-open-lightbox=\"no\" href='http:\/\/www.agesinsaat.com\/wp-content\/uploads\/2019\/11\/MAY-scaled.jpg'><img fetchpriority=\"high\" decoding=\"async\" width=\"2560\" height=\"1301\" src=\"http:\/\/www.agesinsaat.com\/wp-content\/uploads\/2019\/11\/MAY-scaled.jpg\" class=\"attachment-full size-full\" alt=\"\" srcset=\"http:\/\/www.agesinsaat.com\/wp-content\/uploads\/2019\/11\/MAY-scaled.jpg 2560w, http:\/\/www.agesinsaat.com\/wp-content\/uploads\/2019\/11\/MAY-300x152.jpg 300w, http:\/\/www.agesinsaat.com\/wp-content\/uploads\/2019\/11\/MAY-1024x520.jpg 1024w, http:\/\/www.agesinsaat.com\/wp-content\/uploads\/2019\/11\/MAY-768x390.jpg 768w, http:\/\/www.agesinsaat.com\/wp-content\/uploads\/2019\/11\/MAY-1536x780.jpg 1536w, http:\/\/www.agesinsaat.com\/wp-content\/uploads\/2019\/11\/MAY-2048x1041.jpg 2048w\" sizes=\"(max-width: 2560px) 100vw, 2560px\" \/><\/a>\n\t\t\t<\/div><\/figure><figure class='gallery-item'>\n\t\t\t<div class='gallery-icon landscape'>\n\t\t\t\t<a data-elementor-open-lightbox=\"no\" href='http:\/\/www.agesinsaat.com\/wp-content\/uploads\/2025\/11\/adaf-scaled.jpg'><img decoding=\"async\" width=\"2560\" height=\"1087\" src=\"http:\/\/www.agesinsaat.com\/wp-content\/uploads\/2025\/11\/adaf-scaled.jpg\" class=\"attachment-full size-full\" alt=\"\" srcset=\"http:\/\/www.agesinsaat.com\/wp-content\/uploads\/2025\/11\/adaf-scaled.jpg 2560w, http:\/\/www.agesinsaat.com\/wp-content\/uploads\/2025\/11\/adaf-300x127.jpg 300w, http:\/\/www.agesinsaat.com\/wp-content\/uploads\/2025\/11\/adaf-1024x435.jpg 1024w, http:\/\/www.agesinsaat.com\/wp-content\/uploads\/2025\/11\/adaf-768x326.jpg 768w, http:\/\/www.agesinsaat.com\/wp-content\/uploads\/2025\/11\/adaf-1536x652.jpg 1536w, http:\/\/www.agesinsaat.com\/wp-content\/uploads\/2025\/11\/adaf-2048x870.jpg 2048w\" sizes=\"(max-width: 2560px) 100vw, 2560px\" \/><\/a>\n\t\t\t<\/div><\/figure><figure class='gallery-item'>\n\t\t\t<div class='gallery-icon landscape'>\n\t\t\t\t<a data-elementor-open-lightbox=\"no\" href='http:\/\/www.agesinsaat.com\/wp-content\/uploads\/2025\/11\/11-scaled.jpg'><img decoding=\"async\" width=\"2560\" height=\"1714\" src=\"http:\/\/www.agesinsaat.com\/wp-content\/uploads\/2025\/11\/11-scaled.jpg\" class=\"attachment-full size-full\" alt=\"\" srcset=\"http:\/\/www.agesinsaat.com\/wp-content\/uploads\/2025\/11\/11-scaled.jpg 2560w, http:\/\/www.agesinsaat.com\/wp-content\/uploads\/2025\/11\/11-300x201.jpg 300w, http:\/\/www.agesinsaat.com\/wp-content\/uploads\/2025\/11\/11-1024x686.jpg 1024w, http:\/\/www.agesinsaat.com\/wp-content\/uploads\/2025\/11\/11-768x514.jpg 768w, http:\/\/www.agesinsaat.com\/wp-content\/uploads\/2025\/11\/11-1536x1028.jpg 1536w, http:\/\/www.agesinsaat.com\/wp-content\/uploads\/2025\/11\/11-2048x1371.jpg 2048w\" sizes=\"(max-width: 2560px) 100vw, 2560px\" \/><\/a>\n\t\t\t<\/div><\/figure><figure class='gallery-item'>\n\t\t\t<div class='gallery-icon landscape'>\n\t\t\t\t<a data-elementor-open-lightbox=\"no\" href='http:\/\/www.agesinsaat.com\/wp-content\/uploads\/2025\/11\/22-scaled.jpg'><img loading=\"lazy\" decoding=\"async\" width=\"2560\" height=\"1714\" src=\"http:\/\/www.agesinsaat.com\/wp-content\/uploads\/2025\/11\/22-scaled.jpg\" class=\"attachment-full size-full\" alt=\"\" srcset=\"http:\/\/www.agesinsaat.com\/wp-content\/uploads\/2025\/11\/22-scaled.jpg 2560w, http:\/\/www.agesinsaat.com\/wp-content\/uploads\/2025\/11\/22-300x201.jpg 300w, http:\/\/www.agesinsaat.com\/wp-content\/uploads\/2025\/11\/22-1024x686.jpg 1024w, http:\/\/www.agesinsaat.com\/wp-content\/uploads\/2025\/11\/22-768x514.jpg 768w, http:\/\/www.agesinsaat.com\/wp-content\/uploads\/2025\/11\/22-1536x1028.jpg 1536w, http:\/\/www.agesinsaat.com\/wp-content\/uploads\/2025\/11\/22-2048x1371.jpg 2048w\" sizes=\"(max-width: 2560px) 100vw, 2560px\" \/><\/a>\n\t\t\t<\/div><\/figure><figure class='gallery-item'>\n\t\t\t<div class='gallery-icon landscape'>\n\t\t\t\t<a data-elementor-open-lightbox=\"no\" href='http:\/\/www.agesinsaat.com\/wp-content\/uploads\/2025\/11\/33-scaled.jpg'><img loading=\"lazy\" decoding=\"async\" width=\"2560\" height=\"1714\" src=\"http:\/\/www.agesinsaat.com\/wp-content\/uploads\/2025\/11\/33-scaled.jpg\" class=\"attachment-full size-full\" alt=\"\" srcset=\"http:\/\/www.agesinsaat.com\/wp-content\/uploads\/2025\/11\/33-scaled.jpg 2560w, http:\/\/www.agesinsaat.com\/wp-content\/uploads\/2025\/11\/33-300x201.jpg 300w, http:\/\/www.agesinsaat.com\/wp-content\/uploads\/2025\/11\/33-1024x686.jpg 1024w, http:\/\/www.agesinsaat.com\/wp-content\/uploads\/2025\/11\/33-768x514.jpg 768w, http:\/\/www.agesinsaat.com\/wp-content\/uploads\/2025\/11\/33-1536x1028.jpg 1536w, http:\/\/www.agesinsaat.com\/wp-content\/uploads\/2025\/11\/33-2048x1371.jpg 2048w\" sizes=\"(max-width: 2560px) 100vw, 2560px\" \/><\/a>\n\t\t\t<\/div><\/figure><figure class='gallery-item'>\n\t\t\t<div class='gallery-icon landscape'>\n\t\t\t\t<a data-elementor-open-lightbox=\"no\" href='http:\/\/www.agesinsaat.com\/wp-content\/uploads\/2025\/11\/42-scaled.jpg'><img loading=\"lazy\" decoding=\"async\" width=\"2560\" height=\"1714\" src=\"http:\/\/www.agesinsaat.com\/wp-content\/uploads\/2025\/11\/42-scaled.jpg\" class=\"attachment-full size-full\" alt=\"\" srcset=\"http:\/\/www.agesinsaat.com\/wp-content\/uploads\/2025\/11\/42-scaled.jpg 2560w, http:\/\/www.agesinsaat.com\/wp-content\/uploads\/2025\/11\/42-300x201.jpg 300w, http:\/\/www.agesinsaat.com\/wp-content\/uploads\/2025\/11\/42-1024x686.jpg 1024w, http:\/\/www.agesinsaat.com\/wp-content\/uploads\/2025\/11\/42-768x514.jpg 768w, http:\/\/www.agesinsaat.com\/wp-content\/uploads\/2025\/11\/42-1536x1028.jpg 1536w, http:\/\/www.agesinsaat.com\/wp-content\/uploads\/2025\/11\/42-2048x1371.jpg 2048w\" sizes=\"(max-width: 2560px) 100vw, 2560px\" \/><\/a>\n\t\t\t<\/div><\/figure><figure class='gallery-item'>\n\t\t\t<div class='gallery-icon landscape'>\n\t\t\t\t<a data-elementor-open-lightbox=\"no\" href='http:\/\/www.agesinsaat.com\/wp-content\/uploads\/2025\/11\/44-scaled.jpg'><img loading=\"lazy\" decoding=\"async\" width=\"2560\" height=\"1714\" src=\"http:\/\/www.agesinsaat.com\/wp-content\/uploads\/2025\/11\/44-scaled.jpg\" class=\"attachment-full size-full\" alt=\"\" srcset=\"http:\/\/www.agesinsaat.com\/wp-content\/uploads\/2025\/11\/44-scaled.jpg 2560w, http:\/\/www.agesinsaat.com\/wp-content\/uploads\/2025\/11\/44-300x201.jpg 300w, http:\/\/www.agesinsaat.com\/wp-content\/uploads\/2025\/11\/44-1024x686.jpg 1024w, http:\/\/www.agesinsaat.com\/wp-content\/uploads\/2025\/11\/44-768x514.jpg 768w, http:\/\/www.agesinsaat.com\/wp-content\/uploads\/2025\/11\/44-1536x1028.jpg 1536w, http:\/\/www.agesinsaat.com\/wp-content\/uploads\/2025\/11\/44-2048x1371.jpg 2048w\" sizes=\"(max-width: 2560px) 100vw, 2560px\" \/><\/a>\n\t\t\t<\/div><\/figure><figure class='gallery-item'>\n\t\t\t<div class='gallery-icon landscape'>\n\t\t\t\t<a data-elementor-open-lightbox=\"no\" href='http:\/\/www.agesinsaat.com\/wp-content\/uploads\/2025\/11\/45-scaled.jpg'><img loading=\"lazy\" decoding=\"async\" width=\"2560\" height=\"1714\" src=\"http:\/\/www.agesinsaat.com\/wp-content\/uploads\/2025\/11\/45-scaled.jpg\" class=\"attachment-full size-full\" alt=\"\" srcset=\"http:\/\/www.agesinsaat.com\/wp-content\/uploads\/2025\/11\/45-scaled.jpg 2560w, http:\/\/www.agesinsaat.com\/wp-content\/uploads\/2025\/11\/45-300x201.jpg 300w, http:\/\/www.agesinsaat.com\/wp-content\/uploads\/2025\/11\/45-1024x686.jpg 1024w, http:\/\/www.agesinsaat.com\/wp-content\/uploads\/2025\/11\/45-768x514.jpg 768w, http:\/\/www.agesinsaat.com\/wp-content\/uploads\/2025\/11\/45-1536x1028.jpg 1536w, http:\/\/www.agesinsaat.com\/wp-content\/uploads\/2025\/11\/45-2048x1371.jpg 2048w\" sizes=\"(max-width: 2560px) 100vw, 2560px\" \/><\/a>\n\t\t\t<\/div><\/figure><figure class='gallery-item'>\n\t\t\t<div class='gallery-icon landscape'>\n\t\t\t\t<a data-elementor-open-lightbox=\"no\" href='http:\/\/www.agesinsaat.com\/wp-content\/uploads\/2025\/11\/46-scaled.jpg'><img loading=\"lazy\" decoding=\"async\" width=\"2560\" height=\"1714\" src=\"http:\/\/www.agesinsaat.com\/wp-content\/uploads\/2025\/11\/46-scaled.jpg\" class=\"attachment-full size-full\" alt=\"\" srcset=\"http:\/\/www.agesinsaat.com\/wp-content\/uploads\/2025\/11\/46-scaled.jpg 2560w, http:\/\/www.agesinsaat.com\/wp-content\/uploads\/2025\/11\/46-300x201.jpg 300w, http:\/\/www.agesinsaat.com\/wp-content\/uploads\/2025\/11\/46-1024x686.jpg 1024w, http:\/\/www.agesinsaat.com\/wp-content\/uploads\/2025\/11\/46-768x514.jpg 768w, http:\/\/www.agesinsaat.com\/wp-content\/uploads\/2025\/11\/46-1536x1028.jpg 1536w, http:\/\/www.agesinsaat.com\/wp-content\/uploads\/2025\/11\/46-2048x1371.jpg 2048w\" sizes=\"(max-width: 2560px) 100vw, 2560px\" \/><\/a>\n\t\t\t<\/div><\/figure><figure class='gallery-item'>\n\t\t\t<div class='gallery-icon landscape'>\n\t\t\t\t<a data-elementor-open-lightbox=\"no\" href='http:\/\/www.agesinsaat.com\/wp-content\/uploads\/2025\/11\/55-scaled.jpg'><img loading=\"lazy\" decoding=\"async\" width=\"2560\" height=\"1714\" src=\"http:\/\/www.agesinsaat.com\/wp-content\/uploads\/2025\/11\/55-scaled.jpg\" class=\"attachment-full size-full\" alt=\"\" srcset=\"http:\/\/www.agesinsaat.com\/wp-content\/uploads\/2025\/11\/55-scaled.jpg 2560w, http:\/\/www.agesinsaat.com\/wp-content\/uploads\/2025\/11\/55-300x201.jpg 300w, http:\/\/www.agesinsaat.com\/wp-content\/uploads\/2025\/11\/55-1024x686.jpg 1024w, http:\/\/www.agesinsaat.com\/wp-content\/uploads\/2025\/11\/55-768x514.jpg 768w, http:\/\/www.agesinsaat.com\/wp-content\/uploads\/2025\/11\/55-1536x1028.jpg 1536w, http:\/\/www.agesinsaat.com\/wp-content\/uploads\/2025\/11\/55-2048x1371.jpg 2048w\" sizes=\"(max-width: 2560px) 100vw, 2560px\" \/><\/a>\n\t\t\t<\/div><\/figure><figure class='gallery-item'>\n\t\t\t<div class='gallery-icon landscape'>\n\t\t\t\t<a data-elementor-open-lightbox=\"no\" href='http:\/\/www.agesinsaat.com\/wp-content\/uploads\/2025\/11\/56-scaled.jpg'><img loading=\"lazy\" decoding=\"async\" width=\"2560\" height=\"1714\" src=\"http:\/\/www.agesinsaat.com\/wp-content\/uploads\/2025\/11\/56-scaled.jpg\" class=\"attachment-full size-full\" alt=\"\" srcset=\"http:\/\/www.agesinsaat.com\/wp-content\/uploads\/2025\/11\/56-scaled.jpg 2560w, http:\/\/www.agesinsaat.com\/wp-content\/uploads\/2025\/11\/56-300x201.jpg 300w, http:\/\/www.agesinsaat.com\/wp-content\/uploads\/2025\/11\/56-1024x686.jpg 1024w, http:\/\/www.agesinsaat.com\/wp-content\/uploads\/2025\/11\/56-768x514.jpg 768w, http:\/\/www.agesinsaat.com\/wp-content\/uploads\/2025\/11\/56-1536x1028.jpg 1536w, http:\/\/www.agesinsaat.com\/wp-content\/uploads\/2025\/11\/56-2048x1371.jpg 2048w\" sizes=\"(max-width: 2560px) 100vw, 2560px\" \/><\/a>\n\t\t\t<\/div><\/figure><figure class='gallery-item'>\n\t\t\t<div class='gallery-icon landscape'>\n\t\t\t\t<a data-elementor-open-lightbox=\"no\" href='http:\/\/www.agesinsaat.com\/wp-content\/uploads\/2025\/11\/57-scaled.jpg'><img loading=\"lazy\" decoding=\"async\" width=\"2560\" height=\"1714\" src=\"http:\/\/www.agesinsaat.com\/wp-content\/uploads\/2025\/11\/57-scaled.jpg\" class=\"attachment-full size-full\" alt=\"\" srcset=\"http:\/\/www.agesinsaat.com\/wp-content\/uploads\/2025\/11\/57-scaled.jpg 2560w, http:\/\/www.agesinsaat.com\/wp-content\/uploads\/2025\/11\/57-300x201.jpg 300w, http:\/\/www.agesinsaat.com\/wp-content\/uploads\/2025\/11\/57-1024x686.jpg 1024w, http:\/\/www.agesinsaat.com\/wp-content\/uploads\/2025\/11\/57-768x514.jpg 768w, http:\/\/www.agesinsaat.com\/wp-content\/uploads\/2025\/11\/57-1536x1028.jpg 1536w, http:\/\/www.agesinsaat.com\/wp-content\/uploads\/2025\/11\/57-2048x1371.jpg 2048w\" sizes=\"(max-width: 2560px) 100vw, 2560px\" \/><\/a>\n\t\t\t<\/div><\/figure><figure class='gallery-item'>\n\t\t\t<div class='gallery-icon landscape'>\n\t\t\t\t<a data-elementor-open-lightbox=\"no\" href='http:\/\/www.agesinsaat.com\/wp-content\/uploads\/2025\/11\/0cd1837e-c66d-4f1c-aba5-59aa4da8cfe3.png'><img loading=\"lazy\" decoding=\"async\" width=\"1536\" height=\"1024\" src=\"http:\/\/www.agesinsaat.com\/wp-content\/uploads\/2025\/11\/0cd1837e-c66d-4f1c-aba5-59aa4da8cfe3.png\" class=\"attachment-full size-full\" alt=\"\" srcset=\"http:\/\/www.agesinsaat.com\/wp-content\/uploads\/2025\/11\/0cd1837e-c66d-4f1c-aba5-59aa4da8cfe3.png 1536w, http:\/\/www.agesinsaat.com\/wp-content\/uploads\/2025\/11\/0cd1837e-c66d-4f1c-aba5-59aa4da8cfe3-300x200.png 300w, http:\/\/www.agesinsaat.com\/wp-content\/uploads\/2025\/11\/0cd1837e-c66d-4f1c-aba5-59aa4da8cfe3-1024x683.png 1024w, http:\/\/www.agesinsaat.com\/wp-content\/uploads\/2025\/11\/0cd1837e-c66d-4f1c-aba5-59aa4da8cfe3-768x512.png 768w\" sizes=\"(max-width: 1536px) 100vw, 1536px\" \/><\/a>\n\t\t\t<\/div><\/figure>\n\t\t<\/div>\n\t\t<\/div>\r\n\t\t\t\t\t\t<\/div>\n\t\t\t\t<\/div>\n\t\t\t\t\t<\/div>\n\t\t<\/div>\n\t\t\t\t\t<\/div>\n\t\t<\/section>\n\t\t\t\t<section class=\"elementor-section elementor-top-section elementor-element elementor-element-15bd9c83 elementor-section-boxed elementor-section-height-default elementor-section-height-default\" data-id=\"15bd9c83\" data-element_type=\"section\" data-e-type=\"section\">\n\t\t\t\t\t\t<div class=\"elementor-container elementor-column-gap-default\">\n\t\t\t\t\t<div class=\"elementor-column elementor-col-100 elementor-top-column elementor-element elementor-element-2261bbca ot-flex-column-vertical\" data-id=\"2261bbca\" data-element_type=\"column\" data-e-type=\"column\">\n\t\t\t<div class=\"elementor-widget-wrap elementor-element-populated\">\n\t\t\t\t\t\t<div class=\"elementor-element elementor-element-46718542 elementor-widget elementor-widget-text-editor\" data-id=\"46718542\" data-element_type=\"widget\" data-e-type=\"widget\" data-widget_type=\"text-editor.default\">\n\t\t\t\t\t\t\t\t\t<h3 data-start=\"1093\" data-end=\"1123\">Ages Mermer \u0130n\u015faat Fark\u0131<\/h3><ul data-start=\"1124\" data-end=\"1309\"><li data-start=\"1124\" data-end=\"1177\"><p data-start=\"1126\" data-end=\"1177\">Uzun \u00f6m\u00fcrl\u00fc ve bak\u0131m gerektirmeyen malzeme se\u00e7imi<\/p><\/li><li data-start=\"1178\" data-end=\"1229\"><p data-start=\"1180\" data-end=\"1229\">Profesyonel montaj ekibi ve m\u00fchendislik deste\u011fi<\/p><\/li><li data-start=\"1230\" data-end=\"1278\"><p data-start=\"1232\" data-end=\"1278\">Estetik, modern ve \u00e7evreye uyumlu tasar\u0131mlar<\/p><\/li><li data-start=\"1279\" data-end=\"1309\"><p data-start=\"1281\" data-end=\"1309\">Zaman\u0131nda teslim garantisi<\/p><\/li><\/ul><hr data-start=\"1311\" data-end=\"1314\" \/><h3 data-start=\"1316\" data-end=\"1340\">Teklif ve Bilgi Al<\/h3><p data-start=\"1341\" data-end=\"1553\">Yap\u0131n\u0131za de\u011fer katacak cephe kaplama \u00e7\u00f6z\u00fcmlerimiz hakk\u0131nda bilgi almak ve fiyat teklifi talep etmek i\u00e7in bizimle ileti\u015fime ge\u00e7in. Size \u00f6zel mimari tasar\u0131m ve malzeme \u00f6nerileriyle projenizi birlikte planlayal\u0131m.<\/p>\t\t\t\t\t\t\t\t<\/div>\n\t\t\t\t\t<\/div>\n\t\t<\/div>\n\t\t\t\t\t<\/div>\n\t\t<\/section>\n\t\t\t\t<\/div>\n\t\t","protected":false},"excerpt":{"rendered":"<p>Bina Cephe Kaplama Ages Mermer \u0130n\u015faat, binalar\u0131n\u0131za estetik, dayan\u0131kl\u0131l\u0131k ve enerji verimlili\u011fini bir arada sunan modern cephe kaplama \u00e7\u00f6z\u00fcmleri \u00fcretir. Uzun \u00f6m\u00fcrl\u00fc malzemelerle uygulad\u0131\u011f\u0131m\u0131z cephe sistemleri sayesinde yap\u0131lar\u0131n\u0131z, hem d\u0131\u015f etkenlere kar\u015f\u0131 korunur hem de \u00e7a\u011fda\u015f bir g\u00f6r\u00fcn\u00fcme kavu\u015fur. Modern ve Dayan\u0131kl\u0131 Cephe Sistemleri Her bina farkl\u0131 ihtiya\u00e7lara sahiptir. Bu nedenle projelerimizi; konum, iklim ko\u015fullar\u0131 [&hellip;]<\/p>\n","protected":false},"author":1,"featured_media":0,"parent":0,"menu_order":0,"comment_status":"closed","ping_status":"closed","template":"","meta":{"footnotes":""},"class_list":["post-5634","page","type-page","status-publish","hentry"],"_links":{"self":[{"href":"http:\/\/www.agesinsaat.com\/index.php\/wp-json\/wp\/v2\/pages\/5634","targetHints":{"allow":["GET"]}}],"collection":[{"href":"http:\/\/www.agesinsaat.com\/index.php\/wp-json\/wp\/v2\/pages"}],"about":[{"href":"http:\/\/www.agesinsaat.com\/index.php\/wp-json\/wp\/v2\/types\/page"}],"author":[{"embeddable":true,"href":"http:\/\/www.agesinsaat.com\/index.php\/wp-json\/wp\/v2\/users\/1"}],"replies":[{"embeddable":true,"href":"http:\/\/www.agesinsaat.com\/index.php\/wp-json\/wp\/v2\/comments?post=5634"}],"version-history":[{"count":7,"href":"http:\/\/www.agesinsaat.com\/index.php\/wp-json\/wp\/v2\/pages\/5634\/revisions"}],"predecessor-version":[{"id":5946,"href":"http:\/\/www.agesinsaat.com\/index.php\/wp-json\/wp\/v2\/pages\/5634\/revisions\/5946"}],"wp:attachment":[{"href":"http:\/\/www.agesinsaat.com\/index.php\/wp-json\/wp\/v2\/media?parent=5634"}],"curies":[{"name":"wp","href":"https:\/\/api.w.org\/{rel}","templated":true}]}}