{"id":2582,"date":"2020-05-18T04:43:59","date_gmt":"2020-05-18T04:43:59","guid":{"rendered":"http:\/\/localhost\/theratio\/?page_id=2582"},"modified":"2020-05-18T04:43:59","modified_gmt":"2020-05-18T04:43:59","slug":"portfolio-grid","status":"publish","type":"page","link":"http:\/\/www.agesinsaat.com\/index.php\/portfolio-grid\/","title":{"rendered":"Portfolio Grid"},"content":{"rendered":"\t\t<div data-elementor-type=\"wp-page\" data-elementor-id=\"2582\" class=\"elementor elementor-2582\">\n\t\t\t\t\t\t<section class=\"elementor-section elementor-top-section elementor-element elementor-element-b29e3dd elementor-section-boxed elementor-section-height-default elementor-section-height-default\" data-id=\"b29e3dd\" data-element_type=\"section\" data-e-type=\"section\">\n\t\t\t\t\t\t<div class=\"elementor-container elementor-column-gap-default\">\n\t\t\t\t\t<div class=\"elementor-column elementor-col-100 elementor-top-column elementor-element elementor-element-d6303c8 ot-flex-column-vertical\" data-id=\"d6303c8\" data-element_type=\"column\" data-e-type=\"column\">\n\t\t\t<div class=\"elementor-widget-wrap elementor-element-populated\">\n\t\t\t\t\t\t<div class=\"elementor-element elementor-element-e09abd0 theratio-align-center elementor-widget elementor-widget-iheading\" data-id=\"e09abd0\" data-element_type=\"widget\" data-e-type=\"widget\" data-widget_type=\"iheading.default\">\n\t\t\t\t<div class=\"elementor-widget-container\">\n\t\t\t\t\t\t\t<div class=\"ot-heading is-dots\">\r\n\t        <span>[ our portfolio ]<\/span>\t        <h2 class=\"main-heading\">Some of Our Works<br>  and Case Studies for Clients<\/h2>\t    <\/div>\r\n\t    \t\t\t\t<\/div>\n\t\t\t\t<\/div>\n\t\t\t\t<div class=\"elementor-element elementor-element-1089088 elementor-widget elementor-widget-ipfilter\" data-id=\"1089088\" data-element_type=\"widget\" data-e-type=\"widget\" data-widget_type=\"ipfilter.default\">\n\t\t\t\t<div class=\"elementor-widget-container\">\n\t\t\t\t\t\r\n\t\t<div class=\"project-filter-wrapper\">\r\n\t\t\t\t        \t<div class=\"container\">\r\n\t        \t\t<ul class=\"project_filters\">\r\n\t        \t\t\t\t        \t\t\t \t<li><a href=\"#\" data-filter=\"*\" class=\"selected btn-details\">All<span class=\"filter-count\"><\/span><\/a><\/li>\r\n\t        \t\t\t\t\t                \t\t                    <li>\r\n\t\t\t\t\t\t\t\t<a class=\"btn-details\" href='#' data-filter='.category-15'>Architecture<span class=\"filter-count\"><\/span><\/a>\r\n\t\t\t\t\t\t\t<\/li>\t                    \r\n\t\t                \t\t                    <li>\r\n\t\t\t\t\t\t\t\t<a class=\"btn-details\" href='#' data-filter='.category-16'>Decor<span class=\"filter-count\"><\/span><\/a>\r\n\t\t\t\t\t\t\t<\/li>\t                    \r\n\t\t                \t\t                    <li>\r\n\t\t\t\t\t\t\t\t<a class=\"btn-details\" href='#' data-filter='.category-17'>Furniture<span class=\"filter-count\"><\/span><\/a>\r\n\t\t\t\t\t\t\t<\/li>\t                    \r\n\t\t                \t\t                    <li>\r\n\t\t\t\t\t\t\t\t<a class=\"btn-details\" href='#' data-filter='.category-18'>Interior<span class=\"filter-count\"><\/span><\/a>\r\n\t\t\t\t\t\t\t<\/li>\t                    \r\n\t\t                \t\t\t\t\t<\/ul>\r\n\t\t\t\t<\/div>\r\n\t        \t\t\t\t        <div class=\"projects-grid pf_3_cols style-1 img-scale w-auto\" data-load=\"3\" data-count=\"12\">\r\n\t\t\t<div class=\"grid-sizer\"><\/div>\r\n\t            \r\n<div class=\"project-item \">\r\n\t<div class=\"projects-box\">\r\n\t\t<div class=\"projects-thumbnail\" data-src=\"http:\/\/www.agesinsaat.com\/wp-content\/uploads\/2019\/11\/ASDADSAS-scaled.jpg\" data-sub-html=\"THE ONE BODRUM PROJES\u0130\">\r\n\t\t\t<a href=\"http:\/\/www.agesinsaat.com\/index.php\/portfolio\/the-one-bodrum-projesi\/\">\r\n\t\t\t\t<img fetchpriority=\"high\" decoding=\"async\" width=\"720\" height=\"720\" src=\"http:\/\/www.agesinsaat.com\/wp-content\/uploads\/2019\/11\/ASDADSAS-720x720.jpg\" class=\"attachment-theratio-portfolio-thumbnail-grid size-theratio-portfolio-thumbnail-grid wp-post-image\" alt=\"\" srcset=\"http:\/\/www.agesinsaat.com\/wp-content\/uploads\/2019\/11\/ASDADSAS-720x720.jpg 720w, http:\/\/www.agesinsaat.com\/wp-content\/uploads\/2019\/11\/ASDADSAS-150x150.jpg 150w\" sizes=\"(max-width: 720px) 100vw, 720px\" \/>\t\t\t<\/a>\r\n\t\t\t\r\n\t\t\t<span class=\"overlay\">\r\n\t\t\t\t<h5>THE ONE BODRUM PROJES\u0130<\/h5>\r\n\t\t\t\t<i class=\"ot-flaticon-add\"><\/i>\r\n\t\t\t<\/span>\r\n\t\t<\/div>\r\n\t\t<div class=\"portfolio-info\">\r\n\t\t\t<div class=\"portfolio-info-inner\">\r\n\t\t\t\t<h5><a class=\"title-link\" href=\"http:\/\/www.agesinsaat.com\/index.php\/portfolio\/the-one-bodrum-projesi\/\" data-src=\"http:\/\/www.agesinsaat.com\/wp-content\/uploads\/2019\/11\/ASDADSAS-scaled.jpg\" data-sub-html=\"THE ONE BODRUM PROJES\u0130\">THE ONE BODRUM PROJES\u0130<\/a><\/h5>\r\n\t\t\t\t \r\n\t\t\t<\/div>\r\n\t\t\t<a class=\"overlay\" href=\"http:\/\/www.agesinsaat.com\/index.php\/portfolio\/the-one-bodrum-projesi\/\"><\/a>\r\n\t\t<\/div>\r\n\t<\/div>\r\n<\/div>\r\n<div class=\"project-item \">\r\n\t<div class=\"projects-box\">\r\n\t\t<div class=\"projects-thumbnail\" data-src=\"http:\/\/www.agesinsaat.com\/wp-content\/uploads\/2019\/11\/asdad-scaled.jpg\" data-sub-html=\"MESA BODRUM DEM\u0130RB\u00dcK\u00dc\">\r\n\t\t\t<a href=\"http:\/\/www.agesinsaat.com\/index.php\/portfolio\/mesa-bodrum-demirbuku\/\">\r\n\t\t\t\t<img decoding=\"async\" width=\"720\" height=\"720\" src=\"http:\/\/www.agesinsaat.com\/wp-content\/uploads\/2019\/11\/asdad-720x720.jpg\" class=\"attachment-theratio-portfolio-thumbnail-grid size-theratio-portfolio-thumbnail-grid wp-post-image\" alt=\"\" srcset=\"http:\/\/www.agesinsaat.com\/wp-content\/uploads\/2019\/11\/asdad-720x720.jpg 720w, http:\/\/www.agesinsaat.com\/wp-content\/uploads\/2019\/11\/asdad-150x150.jpg 150w\" sizes=\"(max-width: 720px) 100vw, 720px\" \/>\t\t\t<\/a>\r\n\t\t\t\r\n\t\t\t<span class=\"overlay\">\r\n\t\t\t\t<h5>MESA BODRUM DEM\u0130RB\u00dcK\u00dc<\/h5>\r\n\t\t\t\t<i class=\"ot-flaticon-add\"><\/i>\r\n\t\t\t<\/span>\r\n\t\t<\/div>\r\n\t\t<div class=\"portfolio-info\">\r\n\t\t\t<div class=\"portfolio-info-inner\">\r\n\t\t\t\t<h5><a class=\"title-link\" href=\"http:\/\/www.agesinsaat.com\/index.php\/portfolio\/mesa-bodrum-demirbuku\/\" data-src=\"http:\/\/www.agesinsaat.com\/wp-content\/uploads\/2019\/11\/asdad-scaled.jpg\" data-sub-html=\"MESA BODRUM DEM\u0130RB\u00dcK\u00dc\">MESA BODRUM DEM\u0130RB\u00dcK\u00dc<\/a><\/h5>\r\n\t\t\t\t \r\n\t\t\t<\/div>\r\n\t\t\t<a class=\"overlay\" href=\"http:\/\/www.agesinsaat.com\/index.php\/portfolio\/mesa-bodrum-demirbuku\/\"><\/a>\r\n\t\t<\/div>\r\n\t<\/div>\r\n<\/div>\r\n<div class=\"project-item \">\r\n\t<div class=\"projects-box\">\r\n\t\t<div class=\"projects-thumbnail\" data-src=\"http:\/\/www.agesinsaat.com\/wp-content\/uploads\/2019\/11\/MAY-scaled.jpg\" data-sub-html=\"MAYA EVLER\u0130 BODRUM\">\r\n\t\t\t<a href=\"http:\/\/www.agesinsaat.com\/index.php\/portfolio\/maya-evleri-bodrum\/\">\r\n\t\t\t\t<img decoding=\"async\" width=\"720\" height=\"720\" src=\"http:\/\/www.agesinsaat.com\/wp-content\/uploads\/2019\/11\/MAY-720x720.jpg\" class=\"attachment-theratio-portfolio-thumbnail-grid size-theratio-portfolio-thumbnail-grid wp-post-image\" alt=\"\" srcset=\"http:\/\/www.agesinsaat.com\/wp-content\/uploads\/2019\/11\/MAY-720x720.jpg 720w, http:\/\/www.agesinsaat.com\/wp-content\/uploads\/2019\/11\/MAY-150x150.jpg 150w\" sizes=\"(max-width: 720px) 100vw, 720px\" \/>\t\t\t<\/a>\r\n\t\t\t\r\n\t\t\t<span class=\"overlay\">\r\n\t\t\t\t<h5>MAYA EVLER\u0130 BODRUM<\/h5>\r\n\t\t\t\t<i class=\"ot-flaticon-add\"><\/i>\r\n\t\t\t<\/span>\r\n\t\t<\/div>\r\n\t\t<div class=\"portfolio-info\">\r\n\t\t\t<div class=\"portfolio-info-inner\">\r\n\t\t\t\t<h5><a class=\"title-link\" href=\"http:\/\/www.agesinsaat.com\/index.php\/portfolio\/maya-evleri-bodrum\/\" data-src=\"http:\/\/www.agesinsaat.com\/wp-content\/uploads\/2019\/11\/MAY-scaled.jpg\" data-sub-html=\"MAYA EVLER\u0130 BODRUM\">MAYA EVLER\u0130 BODRUM<\/a><\/h5>\r\n\t\t\t\t \r\n\t\t\t<\/div>\r\n\t\t\t<a class=\"overlay\" href=\"http:\/\/www.agesinsaat.com\/index.php\/portfolio\/maya-evleri-bodrum\/\"><\/a>\r\n\t\t<\/div>\r\n\t<\/div>\r\n<\/div>\r\n<div class=\"project-item \">\r\n\t<div class=\"projects-box\">\r\n\t\t<div class=\"projects-thumbnail\" data-src=\"http:\/\/www.agesinsaat.com\/wp-content\/uploads\/2019\/11\/s.jpg\" data-sub-html=\"AGES V\u0130LLASI\">\r\n\t\t\t<a href=\"http:\/\/www.agesinsaat.com\/index.php\/portfolio\/ages-villasi\/\">\r\n\t\t\t\t<img loading=\"lazy\" decoding=\"async\" width=\"720\" height=\"720\" src=\"http:\/\/www.agesinsaat.com\/wp-content\/uploads\/2019\/11\/s-720x720.jpg\" class=\"attachment-theratio-portfolio-thumbnail-grid size-theratio-portfolio-thumbnail-grid wp-post-image\" alt=\"\" srcset=\"http:\/\/www.agesinsaat.com\/wp-content\/uploads\/2019\/11\/s-720x720.jpg 720w, http:\/\/www.agesinsaat.com\/wp-content\/uploads\/2019\/11\/s-150x150.jpg 150w\" sizes=\"(max-width: 720px) 100vw, 720px\" \/>\t\t\t<\/a>\r\n\t\t\t\r\n\t\t\t<span class=\"overlay\">\r\n\t\t\t\t<h5>AGES V\u0130LLASI<\/h5>\r\n\t\t\t\t<i class=\"ot-flaticon-add\"><\/i>\r\n\t\t\t<\/span>\r\n\t\t<\/div>\r\n\t\t<div class=\"portfolio-info\">\r\n\t\t\t<div class=\"portfolio-info-inner\">\r\n\t\t\t\t<h5><a class=\"title-link\" href=\"http:\/\/www.agesinsaat.com\/index.php\/portfolio\/ages-villasi\/\" data-src=\"http:\/\/www.agesinsaat.com\/wp-content\/uploads\/2019\/11\/s.jpg\" data-sub-html=\"AGES V\u0130LLASI\">AGES V\u0130LLASI<\/a><\/h5>\r\n\t\t\t\t \r\n\t\t\t<\/div>\r\n\t\t\t<a class=\"overlay\" href=\"http:\/\/www.agesinsaat.com\/index.php\/portfolio\/ages-villasi\/\"><\/a>\r\n\t\t<\/div>\r\n\t<\/div>\r\n<\/div>\r\n<div class=\"project-item \">\r\n\t<div class=\"projects-box\">\r\n\t\t<div class=\"projects-thumbnail\" data-src=\"http:\/\/www.agesinsaat.com\/wp-content\/uploads\/2019\/11\/af.jpg\" data-sub-html=\"Ages Mermer \u0130n\u015faat \u2013 \u00dcretim ve At\u00f6lye Hizmetlerimiz\">\r\n\t\t\t<a href=\"http:\/\/www.agesinsaat.com\/index.php\/portfolio\/ages-mermer-insaat-uretim-ve-atolye-hizmetlerimiz\/\">\r\n\t\t\t\t<img loading=\"lazy\" decoding=\"async\" width=\"720\" height=\"720\" src=\"http:\/\/www.agesinsaat.com\/wp-content\/uploads\/2019\/11\/af-720x720.jpg\" class=\"attachment-theratio-portfolio-thumbnail-grid size-theratio-portfolio-thumbnail-grid wp-post-image\" alt=\"\" srcset=\"http:\/\/www.agesinsaat.com\/wp-content\/uploads\/2019\/11\/af-720x720.jpg 720w, http:\/\/www.agesinsaat.com\/wp-content\/uploads\/2019\/11\/af-150x150.jpg 150w\" sizes=\"(max-width: 720px) 100vw, 720px\" \/>\t\t\t<\/a>\r\n\t\t\t\r\n\t\t\t<span class=\"overlay\">\r\n\t\t\t\t<h5>Ages Mermer \u0130n\u015faat \u2013 \u00dcretim ve At\u00f6lye Hizmetlerimiz<\/h5>\r\n\t\t\t\t<i class=\"ot-flaticon-add\"><\/i>\r\n\t\t\t<\/span>\r\n\t\t<\/div>\r\n\t\t<div class=\"portfolio-info\">\r\n\t\t\t<div class=\"portfolio-info-inner\">\r\n\t\t\t\t<h5><a class=\"title-link\" href=\"http:\/\/www.agesinsaat.com\/index.php\/portfolio\/ages-mermer-insaat-uretim-ve-atolye-hizmetlerimiz\/\" data-src=\"http:\/\/www.agesinsaat.com\/wp-content\/uploads\/2019\/11\/af.jpg\" data-sub-html=\"Ages Mermer \u0130n\u015faat \u2013 \u00dcretim ve At\u00f6lye Hizmetlerimiz\">Ages Mermer \u0130n\u015faat \u2013 \u00dcretim ve At\u00f6lye Hizmetlerimiz<\/a><\/h5>\r\n\t\t\t\t \r\n\t\t\t<\/div>\r\n\t\t\t<a class=\"overlay\" href=\"http:\/\/www.agesinsaat.com\/index.php\/portfolio\/ages-mermer-insaat-uretim-ve-atolye-hizmetlerimiz\/\"><\/a>\r\n\t\t<\/div>\r\n\t<\/div>\r\n<\/div>\r\n<div class=\"project-item \">\r\n\t<div class=\"projects-box\">\r\n\t\t<div class=\"projects-thumbnail\" data-src=\"http:\/\/www.agesinsaat.com\/wp-content\/uploads\/2019\/11\/sf-scaled.jpg\" data-sub-html=\"Ros Hebil Bodrum\">\r\n\t\t\t<a href=\"http:\/\/www.agesinsaat.com\/index.php\/portfolio\/ros-hebil-bodrum\/\">\r\n\t\t\t\t<img loading=\"lazy\" decoding=\"async\" width=\"720\" height=\"720\" src=\"http:\/\/www.agesinsaat.com\/wp-content\/uploads\/2019\/11\/sf-720x720.jpg\" class=\"attachment-theratio-portfolio-thumbnail-grid size-theratio-portfolio-thumbnail-grid wp-post-image\" alt=\"\" srcset=\"http:\/\/www.agesinsaat.com\/wp-content\/uploads\/2019\/11\/sf-720x720.jpg 720w, http:\/\/www.agesinsaat.com\/wp-content\/uploads\/2019\/11\/sf-150x150.jpg 150w\" sizes=\"(max-width: 720px) 100vw, 720px\" \/>\t\t\t<\/a>\r\n\t\t\t\r\n\t\t\t<span class=\"overlay\">\r\n\t\t\t\t<h5>Ros Hebil Bodrum<\/h5>\r\n\t\t\t\t<i class=\"ot-flaticon-add\"><\/i>\r\n\t\t\t<\/span>\r\n\t\t<\/div>\r\n\t\t<div class=\"portfolio-info\">\r\n\t\t\t<div class=\"portfolio-info-inner\">\r\n\t\t\t\t<h5><a class=\"title-link\" href=\"http:\/\/www.agesinsaat.com\/index.php\/portfolio\/ros-hebil-bodrum\/\" data-src=\"http:\/\/www.agesinsaat.com\/wp-content\/uploads\/2019\/11\/sf-scaled.jpg\" data-sub-html=\"Ros Hebil Bodrum\">Ros Hebil Bodrum<\/a><\/h5>\r\n\t\t\t\t \r\n\t\t\t<\/div>\r\n\t\t\t<a class=\"overlay\" href=\"http:\/\/www.agesinsaat.com\/index.php\/portfolio\/ros-hebil-bodrum\/\"><\/a>\r\n\t\t<\/div>\r\n\t<\/div>\r\n<\/div>\t\t\t<\/div>\r\n\r\n\t\t\t<div class=\"btn-block\"><a href=\"#\" class=\"btn-loadmore octf-btn\" data-category=\"\" data-loaded=\"Load More\" data-loading=\"Loading\" data-style=\"grid\">Load More<\/a><\/div>\t    <\/div>\r\n\t\t\t\t\t\t\t\t\t\t\r\n\t    \t\t\t\t<\/div>\n\t\t\t\t<\/div>\n\t\t\t\t\t<\/div>\n\t\t<\/div>\n\t\t\t\t\t<\/div>\n\t\t<\/section>\n\t\t\t\t<\/div>\n\t\t","protected":false},"excerpt":{"rendered":"<p>[ our portfolio ] Some of Our Works and Case Studies for Clients All Architecture Decor Furniture Interior Stylish Family Appartment Stylish Family Appartment Interior Minimal Guests House Minimal Guests House DecorInterior Art Family Residence Art Family Residence Architecture Private House in Spain Private House in Spain Furniture Modern Villa in Belgium Modern Villa in [&hellip;]<\/p>\n","protected":false},"author":1,"featured_media":0,"parent":0,"menu_order":0,"comment_status":"closed","ping_status":"closed","template":"","meta":{"footnotes":""},"class_list":["post-2582","page","type-page","status-publish","hentry"],"_links":{"self":[{"href":"http:\/\/www.agesinsaat.com\/index.php\/wp-json\/wp\/v2\/pages\/2582","targetHints":{"allow":["GET"]}}],"collection":[{"href":"http:\/\/www.agesinsaat.com\/index.php\/wp-json\/wp\/v2\/pages"}],"about":[{"href":"http:\/\/www.agesinsaat.com\/index.php\/wp-json\/wp\/v2\/types\/page"}],"author":[{"embeddable":true,"href":"http:\/\/www.agesinsaat.com\/index.php\/wp-json\/wp\/v2\/users\/1"}],"replies":[{"embeddable":true,"href":"http:\/\/www.agesinsaat.com\/index.php\/wp-json\/wp\/v2\/comments?post=2582"}],"version-history":[{"count":0,"href":"http:\/\/www.agesinsaat.com\/index.php\/wp-json\/wp\/v2\/pages\/2582\/revisions"}],"wp:attachment":[{"href":"http:\/\/www.agesinsaat.com\/index.php\/wp-json\/wp\/v2\/media?parent=2582"}],"curies":[{"name":"wp","href":"https:\/\/api.w.org\/{rel}","templated":true}]}}