{"id":2485,"date":"2020-05-15T04:45:19","date_gmt":"2020-05-15T04:45:19","guid":{"rendered":"http:\/\/localhost\/theratio\/?page_id=2485"},"modified":"2025-11-17T10:51:02","modified_gmt":"2025-11-17T10:51:02","slug":"ages-villa-projesi-anahtar-teslim-luks-yasam","status":"publish","type":"page","link":"http:\/\/www.agesinsaat.com\/index.php\/our-services\/ages-villa-projesi-anahtar-teslim-luks-yasam\/","title":{"rendered":"AGES Villa Projesi \u2013 Anahtar Teslim L\u00fcks Ya\u015fam"},"content":{"rendered":"\t\t<div data-elementor-type=\"wp-page\" data-elementor-id=\"2485\" class=\"elementor elementor-2485\">\n\t\t\t\t\t\t<section class=\"elementor-section elementor-top-section elementor-element elementor-element-8807e2c elementor-section-boxed elementor-section-height-default elementor-section-height-default\" data-id=\"8807e2c\" data-element_type=\"section\" data-e-type=\"section\">\n\t\t\t\t\t\t<div class=\"elementor-container elementor-column-gap-extended\">\n\t\t\t\t\t<div class=\"elementor-column elementor-col-100 elementor-top-column elementor-element elementor-element-5716d59 ot-flex-column-vertical\" data-id=\"5716d59\" data-element_type=\"column\" data-e-type=\"column\">\n\t\t\t<div class=\"elementor-widget-wrap elementor-element-populated\">\n\t\t\t\t\t\t<div class=\"elementor-element elementor-element-3719cf2 elementor-widget elementor-widget-iheading\" data-id=\"3719cf2\" data-element_type=\"widget\" data-e-type=\"widget\" data-widget_type=\"iheading.default\">\n\t\t\t\t<div class=\"elementor-widget-container\">\n\t\t\t\t\t\t\t<div class=\"ot-heading \">\r\n\t        <span>Ages mermer in\u015faat<\/span>\t        <h2 class=\"main-heading\">AGES Villa Projesi \u2013 Anahtar Teslim L\u00fcks Ya\u015fam <\/h2>\t    <\/div>\r\n\t    \t\t\t\t<\/div>\n\t\t\t\t<\/div>\n\t\t\t\t<div class=\"elementor-element elementor-element-e145324 elementor-widget elementor-widget-text-editor\" data-id=\"e145324\" data-element_type=\"widget\" data-e-type=\"widget\" data-widget_type=\"text-editor.default\">\n\t\t\t\t\t\t\t\t\t<p><strong data-start=\"420\" data-end=\"435\">Ages \u0130n\u015faat<\/strong>, Bodrum Yal\u0131\u00e7iftlik\u2019te do\u011fayla i\u00e7 i\u00e7e, modern mimari \u00e7izgilere sahip \u00f6zel bir ya\u015fam konsepti sunuyor.<br data-start=\"537\" data-end=\"540\" \/>Her detay\u0131 \u00f6zenle tasarlanan <strong data-start=\"569\" data-end=\"583\">Ages Villa<\/strong>, 465 m\u00b2 ya\u015fam alan\u0131, geni\u015f bah\u00e7esi, 40 m\u00b2 havuzu ile sadece bir ev de\u011fil, bir ya\u015fam tarz\u0131 vadediyor.<\/p>\t\t\t\t\t\t\t\t<\/div>\n\t\t\t\t<div class=\"elementor-element elementor-element-182f751 elementor-widget elementor-widget-theratio-image-carousel\" data-id=\"182f751\" data-element_type=\"widget\" data-e-type=\"widget\" data-widget_type=\"theratio-image-carousel.default\">\n\t\t\t\t<div class=\"elementor-widget-container\">\n\t\t\t\t\t\r\n\t\t<div class=\"image-carousel swiper swiper-container\" data-slider_options=\"{&quot;slides_show_desktop&quot;:1,&quot;slides_show_tablet&quot;:1,&quot;slides_show_mobile&quot;:1,&quot;slides_scroll_desktop&quot;:1,&quot;slides_scroll_tablet&quot;:1,&quot;slides_scroll_mobile&quot;:1,&quot;margin_desktop&quot;:30,&quot;margin_tablet&quot;:30,&quot;margin_mobile&quot;:30,&quot;arrows&quot;:false,&quot;dots&quot;:false}\"  data-item-slider=\"ot_slider_182f751\">\t\t\t\r\n\t\t\t<div class=\"swiper-wrapper\">\r\n\t\t        <div class=\"swiper-slide\"><div class=\"img-item\"><figure><img decoding=\"async\" src=\"http:\/\/www.agesinsaat.com\/wp-content\/uploads\/2019\/11\/sfasf.jpg\" alt=\"\"><\/figure><\/div><\/div>\t\t    <\/div>\r\n\r\n\t\t\t\t\t\t\t    <\/div>\r\n\t\t\t\t\t\t<\/div>\n\t\t\t\t<\/div>\n\t\t\t\t<div class=\"elementor-element elementor-element-4fc6566 elementor-widget elementor-widget-text-editor\" data-id=\"4fc6566\" data-element_type=\"widget\" data-e-type=\"widget\" data-widget_type=\"text-editor.default\">\n\t\t\t\t\t\t\t\t\t<h3 data-start=\"565\" data-end=\"594\"><strong data-start=\"569\" data-end=\"594\">Mimari ve Ya\u015fam Alan\u0131<\/strong><\/h3><p data-start=\"595\" data-end=\"868\">Triplex olarak tasarlanan bu \u00f6zel villa, ferah i\u00e7 mek\u00e2nlar\u0131, 6.5 metrelik tavan y\u00fcksekli\u011fi ve full cam cephesiyle g\u00fcn \u0131\u015f\u0131\u011f\u0131n\u0131 maksimum d\u00fczeyde i\u00e7eri al\u0131r.<br data-start=\"749\" data-end=\"752\" \/>Do\u011fal ta\u015f kaplamalar, ah\u015fap detaylar ve modern hatlar, ya\u015fam alan\u0131n\u0131za sade ama etkileyici bir estetik kazand\u0131r\u0131r.<\/p><h3 data-start=\"870\" data-end=\"895\"><strong data-start=\"874\" data-end=\"895\">Konfor ve Donan\u0131m<\/strong><\/h3><p data-start=\"896\" data-end=\"1219\"><strong data-start=\"896\" data-end=\"913\">5+1 oda plan\u0131<\/strong>, 4 banyo, sauna, \u00f6zel otopark alan\u0131 ve teras balkon ile konforun her detay\u0131n\u0131 hissedersiniz.<br data-start=\"1006\" data-end=\"1009\" \/>\u0130\u00e7 mek\u00e2nlarda y\u00fcksek kalite malzemeler kullan\u0131l\u0131r; her nokta Ages\u2019in titiz i\u015f\u00e7ili\u011fiyle tamamlan\u0131r.<br data-start=\"1107\" data-end=\"1110\" \/>Mutfaktan banyoya, zemin kaplamas\u0131ndan d\u0131\u015f cepheye kadar t\u00fcm alanlarda uzun \u00f6m\u00fcrl\u00fc ve \u015f\u0131k \u00e7\u00f6z\u00fcmler sunulur.<\/p>\t\t\t\t\t\t\t\t<\/div>\n\t\t\t\t<div class=\"elementor-element elementor-element-325c8a2 elementor-widget elementor-widget-image\" data-id=\"325c8a2\" data-element_type=\"widget\" data-e-type=\"widget\" data-widget_type=\"image.default\">\n\t\t\t\t\t\t\t\t\t\t\t\t\t\t\t<img fetchpriority=\"high\" decoding=\"async\" width=\"2560\" height=\"1838\" src=\"http:\/\/www.agesinsaat.com\/wp-content\/uploads\/2019\/11\/2-scaled.jpg\" class=\"attachment-full size-full wp-image-5756\" alt=\"\" srcset=\"http:\/\/www.agesinsaat.com\/wp-content\/uploads\/2019\/11\/2-scaled.jpg 2560w, http:\/\/www.agesinsaat.com\/wp-content\/uploads\/2019\/11\/2-300x215.jpg 300w, http:\/\/www.agesinsaat.com\/wp-content\/uploads\/2019\/11\/2-1024x735.jpg 1024w, http:\/\/www.agesinsaat.com\/wp-content\/uploads\/2019\/11\/2-768x551.jpg 768w, http:\/\/www.agesinsaat.com\/wp-content\/uploads\/2019\/11\/2-1536x1103.jpg 1536w, http:\/\/www.agesinsaat.com\/wp-content\/uploads\/2019\/11\/2-2048x1470.jpg 2048w\" sizes=\"(max-width: 2560px) 100vw, 2560px\" \/>\t\t\t\t\t\t\t\t\t\t\t\t\t\t\t<\/div>\n\t\t\t\t<section class=\"elementor-section elementor-inner-section elementor-element elementor-element-b5154b0 elementor-section-full_width elementor-section-height-default elementor-section-height-default\" data-id=\"b5154b0\" data-element_type=\"section\" data-e-type=\"section\">\n\t\t\t\t\t\t<div class=\"elementor-container elementor-column-gap-default\">\n\t\t\t\t\t<div class=\"elementor-column elementor-col-33 elementor-inner-column elementor-element elementor-element-2b7e91a ot-flex-column-vertical\" data-id=\"2b7e91a\" data-element_type=\"column\" data-e-type=\"column\">\n\t\t\t<div class=\"elementor-widget-wrap elementor-element-populated\">\n\t\t\t\t\t\t<div class=\"elementor-element elementor-element-15410ec elementor-widget elementor-widget-iprogress\" data-id=\"15410ec\" data-element_type=\"widget\" data-e-type=\"widget\" data-widget_type=\"iprogress.default\">\n\t\t\t\t<div class=\"elementor-widget-container\">\n\t\t\t\t\t\r\n\t\t\t\t<div class=\"circle-progress tbottom\" data-color=\"#939393\" data-height=\"2\" data-size=\"165\">\r\n\t\t\t<div class=\"inner-bar\" data-percent=\"85\">\r\n\t\t\t\t<span>\r\n\t\t\t\t\t<span class=\"percent\">85<\/span>\t\t\t\t<\/span>\r\n\t\t\t<\/div>\r\n\t\t\t<h4>Mimari Planlama \u2013 %85<\/h4>\t\t<\/div>\r\n\t\t\r\n\t    \t\t\t\t<\/div>\n\t\t\t\t<\/div>\n\t\t\t\t<div class=\"elementor-element elementor-element-52071fc elementor-widget elementor-widget-text-editor\" data-id=\"52071fc\" data-element_type=\"widget\" data-e-type=\"widget\" data-widget_type=\"text-editor.default\">\n\t\t\t\t\t\t\t\t\t<p>Proje tasar\u0131m\u0131ndan uygulama a\u015famas\u0131na kadar her detay\u0131 planl\u0131yoruz.<\/p>\t\t\t\t\t\t\t\t<\/div>\n\t\t\t\t\t<\/div>\n\t\t<\/div>\n\t\t\t\t<div class=\"elementor-column elementor-col-33 elementor-inner-column elementor-element elementor-element-a3c5134 ot-flex-column-vertical\" data-id=\"a3c5134\" data-element_type=\"column\" data-e-type=\"column\">\n\t\t\t<div class=\"elementor-widget-wrap elementor-element-populated\">\n\t\t\t\t\t\t<div class=\"elementor-element elementor-element-cefabb0 elementor-widget elementor-widget-iprogress\" data-id=\"cefabb0\" data-element_type=\"widget\" data-e-type=\"widget\" data-widget_type=\"iprogress.default\">\n\t\t\t\t<div class=\"elementor-widget-container\">\n\t\t\t\t\t\r\n\t\t\t\t<div class=\"circle-progress tbottom\" data-color=\"#939393\" data-height=\"2\" data-size=\"165\">\r\n\t\t\t<div class=\"inner-bar\" data-percent=\"75\">\r\n\t\t\t\t<span>\r\n\t\t\t\t\t<span class=\"percent\">75<\/span>\t\t\t\t<\/span>\r\n\t\t\t<\/div>\r\n\t\t\t<h4>Zemin ve Yap\u0131 \u00d6l\u00e7\u00fcmleme \u2013 %75\n<\/h4>\t\t<\/div>\r\n\t\t\r\n\t    \t\t\t\t<\/div>\n\t\t\t\t<\/div>\n\t\t\t\t<div class=\"elementor-element elementor-element-ecb96cb elementor-widget elementor-widget-text-editor\" data-id=\"ecb96cb\" data-element_type=\"widget\" data-e-type=\"widget\" data-widget_type=\"text-editor.default\">\n\t\t\t\t\t\t\t\t\t<p data-start=\"453\" data-end=\"605\">M\u00fchendislik hesaplamalar\u0131, arazi \u00f6l\u00e7\u00fcmleri ve yap\u0131sal analizlerle<\/p>\t\t\t\t\t\t\t\t<\/div>\n\t\t\t\t\t<\/div>\n\t\t<\/div>\n\t\t\t\t<div class=\"elementor-column elementor-col-33 elementor-inner-column elementor-element elementor-element-d5363c9 ot-flex-column-vertical\" data-id=\"d5363c9\" data-element_type=\"column\" data-e-type=\"column\">\n\t\t\t<div class=\"elementor-widget-wrap elementor-element-populated\">\n\t\t\t\t\t\t<div class=\"elementor-element elementor-element-72cd847 elementor-widget elementor-widget-iprogress\" data-id=\"72cd847\" data-element_type=\"widget\" data-e-type=\"widget\" data-widget_type=\"iprogress.default\">\n\t\t\t\t<div class=\"elementor-widget-container\">\n\t\t\t\t\t\r\n\t\t\t\t<div class=\"circle-progress tbottom\" data-color=\"#939393\" data-height=\"2\" data-size=\"165\">\r\n\t\t\t<div class=\"inner-bar\" data-percent=\"85\">\r\n\t\t\t\t<span>\r\n\t\t\t\t\t<span class=\"percent\">85<\/span>\t\t\t\t<\/span>\r\n\t\t\t<\/div>\r\n\t\t\t<h4>3D Modelleme \u2013 %85\n<\/h4>\t\t<\/div>\r\n\t\t\r\n\t    \t\t\t\t<\/div>\n\t\t\t\t<\/div>\n\t\t\t\t<div class=\"elementor-element elementor-element-979521e elementor-widget elementor-widget-text-editor\" data-id=\"979521e\" data-element_type=\"widget\" data-e-type=\"widget\" data-widget_type=\"text-editor.default\">\n\t\t\t\t\t\t\t\t\t<article class=\"text-token-text-primary w-full focus:outline-none [--shadow-height:45px] has-data-writing-block:pointer-events-none has-data-writing-block:-mt-(--shadow-height) has-data-writing-block:pt-(--shadow-height) [&amp;:has([data-writing-block])&gt;*]:pointer-events-auto [content-visibility:auto] supports-[content-visibility:auto]:[contain-intrinsic-size:auto_100lvh] scroll-mt-[calc(var(--header-height)+min(200px,max(70px,20svh)))]\" dir=\"auto\" tabindex=\"-1\" data-turn-id=\"0b0f9f59-cb55-4c06-8343-cad51715c18b\" data-testid=\"conversation-turn-2\" data-scroll-anchor=\"true\" data-turn=\"assistant\"><div class=\"text-base my-auto mx-auto pb-10 [--thread-content-margin:--spacing(4)] thread-sm:[--thread-content-margin:--spacing(6)] thread-lg:[--thread-content-margin:--spacing(16)] px-(--thread-content-margin)\"><div class=\"[--thread-content-max-width:40rem] thread-lg:[--thread-content-max-width:48rem] mx-auto max-w-(--thread-content-max-width) flex-1 group\/turn-messages focus-visible:outline-hidden relative flex w-full min-w-0 flex-col agent-turn\" tabindex=\"-1\"><div class=\"flex max-w-full flex-col grow\"><div class=\"min-h-8 text-message relative flex w-full flex-col items-end gap-2 text-start break-words whitespace-normal [.text-message+&amp;]:mt-1\" dir=\"auto\" data-message-author-role=\"assistant\" data-message-id=\"7a6792b4-b7c8-47d1-8cfe-dfa526a90f8a\" data-message-model-slug=\"gpt-5-mini\"><div class=\"flex w-full flex-col gap-1 empty:hidden first:pt-[1px]\"><div class=\"markdown prose dark:prose-invert w-full break-words light markdown-new-styling\"><p data-start=\"0\" data-end=\"87\" data-is-last-node=\"\" data-is-only-node=\"\">Projeleri \u00fcretim \u00f6ncesi 3D ortamda detayland\u0131r\u0131p m\u00fc\u015fteriye ger\u00e7ek\u00e7i \u00f6nizleme sunuyoruz.<\/p><\/div><\/div><\/div><\/div><div class=\"z-0 flex min-h-[46px] justify-start\">\u00a0<\/div><div class=\"mt-3 w-full empty:hidden\"><div class=\"text-center\">\u00a0<\/div><\/div><\/div><\/div><\/article><div class=\"pointer-events-none h-px w-px\" aria-hidden=\"true\" data-edge=\"true\">\u00a0<\/div>\t\t\t\t\t\t\t\t<\/div>\n\t\t\t\t\t<\/div>\n\t\t<\/div>\n\t\t\t\t\t<\/div>\n\t\t<\/section>\n\t\t\t\t<div class=\"elementor-element elementor-element-fb4f882 elementor-widget elementor-widget-iheading\" data-id=\"fb4f882\" data-element_type=\"widget\" data-e-type=\"widget\" data-widget_type=\"iheading.default\">\n\t\t\t\t<div class=\"elementor-widget-container\">\n\t\t\t\t\t\t\t<div class=\"ot-heading is-dots\">\r\n\t        \t        <h2 class=\"main-heading\">M\u00fc\u015fterilerimizin G\u00f6r\u00fc\u015fleri<\/h2>\t    <\/div>\r\n\t    \t\t\t\t<\/div>\n\t\t\t\t<\/div>\n\t\t\t\t<div class=\"elementor-element elementor-element-b58f3c6 elementor-widget elementor-widget-itestimonials\" data-id=\"b58f3c6\" data-element_type=\"widget\" data-e-type=\"widget\" data-widget_type=\"itestimonials.default\">\n\t\t\t\t<div class=\"elementor-widget-container\">\n\t\t\t\t\t\r\n\t\t<div class=\"ot-testimonials v-light\">\t\t\t\t\t\t\r\n\t\t\t\r\n\t\t\t<div class=\"testimonial-inner ot-testimonials-slider-s1 swiper swiper-container\" data-slider_options=\"{&quot;slides_show_desktop&quot;:2,&quot;slides_show_tablet&quot;:2,&quot;slides_show_mobile&quot;:1,&quot;slides_scroll_desktop&quot;:1,&quot;slides_scroll_tablet&quot;:1,&quot;slides_scroll_mobile&quot;:1,&quot;arrows&quot;:false,&quot;dots&quot;:true}\"  data-item-slider=\"ot_slider_b58f3c6\">\r\n\t\t\t\t<div class=\"swiper-wrapper\">\r\n\t\t\t\t\t\t\t\t\t<div class=\"swiper-slide\">\r\n\t\t\t\t\t\t<div class=\"testi-item\">\r\n\t\t\t\t\t        <div class=\"ttext\">\r\n\t\t\t\t\t        \t<div class=\"layer-behind\"><\/div>\r\n\t\t\t\t\t        \t<span><\/span>\r\n\t\t\t\t\t        \t\u201cAges \u0130n\u015faat ile \u00e7al\u0131\u015fmak tamamen g\u00fcven verici bir deneyimdi.\nVilla in\u015faat\u0131m\u0131z\u0131n her a\u015famas\u0131nda bilgilendirildik ve sonu\u00e7 m\u00fckemmel oldu.\u201d\n\u2013 Selin Y\u0131lmaz, Bodrum\t\t\t\t\t        <\/div>\r\n\t\t\t\t\t        <div class=\"t-head flex-middle\">\r\n\t\t\t\t\t\t\t\t\t\t\t\t\t        \t<div class=\"tinfo\">\r\n\t\t\t\t\t        \t\t<h6>Selin Y\u0131lmaz<\/h6>\r\n\t\t\t\t\t        \t\t\t\t\t\t\t        \t<\/div>\r\n\t\t\t\t        \t<\/div>\r\n\t\t\t        \t<\/div>\r\n\t\t\t\t\t<\/div>\r\n\t\t\t\t\t\t\t\t\t<div class=\"swiper-slide\">\r\n\t\t\t\t\t\t<div class=\"testi-item\">\r\n\t\t\t\t\t        <div class=\"ttext\">\r\n\t\t\t\t\t        \t<div class=\"layer-behind\"><\/div>\r\n\t\t\t\t\t        \t<span><\/span>\r\n\t\t\t\t\t        \t\u201cAnahtar teslim s\u00fcreci sorunsuz ilerledi. Hem mimari tasar\u0131m hem i\u015f\u00e7ilik kalitesi beklentilerimizin \u00e7ok \u00fczerindeydi.\u201d\n\u2013 Mehmet Karadeniz, Mu\u011fla\t\t\t\t\t        <\/div>\r\n\t\t\t\t\t        <div class=\"t-head flex-middle\">\r\n\t\t\t\t\t\t\t\t\t\t\t\t\t        \t<div class=\"tinfo\">\r\n\t\t\t\t\t        \t\t<h6>Mehmet Karadeniz,<\/h6>\r\n\t\t\t\t\t        \t\t\t\t\t\t\t        \t<\/div>\r\n\t\t\t\t        \t<\/div>\r\n\t\t\t        \t<\/div>\r\n\t\t\t\t\t<\/div>\r\n\t\t\t\t\t\t\t\t\t<div class=\"swiper-slide\">\r\n\t\t\t\t\t\t<div class=\"testi-item\">\r\n\t\t\t\t\t        <div class=\"ttext\">\r\n\t\t\t\t\t        \t<div class=\"layer-behind\"><\/div>\r\n\t\t\t\t\t        \t<span><\/span>\r\n\t\t\t\t\t        \t\u201cAGES \u0130n\u015faat ekibi i\u015fine b\u00fcy\u00fck \u00f6zen g\u00f6steriyor. Planlama, ileti\u015fim ve uygulama s\u00fcreci kusursuzdu; hayalimizdeki villaya kavu\u015ftuk.\u201d\n\u2013 Elif Demir, Fethiye\t\t\t\t\t        <\/div>\r\n\t\t\t\t\t        <div class=\"t-head flex-middle\">\r\n\t\t\t\t\t\t\t\t\t\t\t\t\t        \t<div class=\"tinfo\">\r\n\t\t\t\t\t        \t\t<h6>Elif Demir<\/h6>\r\n\t\t\t\t\t        \t\t\t\t\t\t\t        \t<\/div>\r\n\t\t\t\t        \t<\/div>\r\n\t\t\t        \t<\/div>\r\n\t\t\t\t\t<\/div>\r\n\t\t\t\t\t\t\t\t<\/div>\r\n\r\n\t\t\t\t\t\t\t\t\t\t\t\t<!-- Add Dots -->\r\n\t\t\t\t<div class=\"octf-swiper-pagination\" data-slider=\"ot_slider_b58f3c6\"><\/div>\r\n\t\t\t\t\t\t\t<\/div>\t\t\t\t\r\n\t    <\/div>\r\n\r\n\t    \t\t\t\t<\/div>\n\t\t\t\t<\/div>\n\t\t\t\t\t<\/div>\n\t\t<\/div>\n\t\t\t\t\t<\/div>\n\t\t<\/section>\n\t\t\t\t<\/div>\n\t\t","protected":false},"excerpt":{"rendered":"<p>Ages mermer in\u015faat AGES Villa Projesi \u2013 Anahtar Teslim L\u00fcks Ya\u015fam Ages \u0130n\u015faat, Bodrum Yal\u0131\u00e7iftlik\u2019te do\u011fayla i\u00e7 i\u00e7e, modern mimari \u00e7izgilere sahip \u00f6zel bir ya\u015fam konsepti sunuyor.Her detay\u0131 \u00f6zenle tasarlanan Ages Villa, 465 m\u00b2 ya\u015fam alan\u0131, geni\u015f bah\u00e7esi, 40 m\u00b2 havuzu ile sadece bir ev de\u011fil, bir ya\u015fam tarz\u0131 vadediyor. Mimari ve Ya\u015fam Alan\u0131 Triplex [&hellip;]<\/p>\n","protected":false},"author":1,"featured_media":5763,"parent":2405,"menu_order":0,"comment_status":"closed","ping_status":"closed","template":"","meta":{"footnotes":""},"class_list":["post-2485","page","type-page","status-publish","has-post-thumbnail","hentry"],"_links":{"self":[{"href":"http:\/\/www.agesinsaat.com\/index.php\/wp-json\/wp\/v2\/pages\/2485","targetHints":{"allow":["GET"]}}],"collection":[{"href":"http:\/\/www.agesinsaat.com\/index.php\/wp-json\/wp\/v2\/pages"}],"about":[{"href":"http:\/\/www.agesinsaat.com\/index.php\/wp-json\/wp\/v2\/types\/page"}],"author":[{"embeddable":true,"href":"http:\/\/www.agesinsaat.com\/index.php\/wp-json\/wp\/v2\/users\/1"}],"replies":[{"embeddable":true,"href":"http:\/\/www.agesinsaat.com\/index.php\/wp-json\/wp\/v2\/comments?post=2485"}],"version-history":[{"count":16,"href":"http:\/\/www.agesinsaat.com\/index.php\/wp-json\/wp\/v2\/pages\/2485\/revisions"}],"predecessor-version":[{"id":5911,"href":"http:\/\/www.agesinsaat.com\/index.php\/wp-json\/wp\/v2\/pages\/2485\/revisions\/5911"}],"up":[{"embeddable":true,"href":"http:\/\/www.agesinsaat.com\/index.php\/wp-json\/wp\/v2\/pages\/2405"}],"wp:featuredmedia":[{"embeddable":true,"href":"http:\/\/www.agesinsaat.com\/index.php\/wp-json\/wp\/v2\/media\/5763"}],"wp:attachment":[{"href":"http:\/\/www.agesinsaat.com\/index.php\/wp-json\/wp\/v2\/media?parent=2485"}],"curies":[{"name":"wp","href":"https:\/\/api.w.org\/{rel}","templated":true}]}}