{"id":1958,"date":"2020-05-07T08:35:38","date_gmt":"2020-05-07T08:35:38","guid":{"rendered":"http:\/\/localhost\/theratio\/?page_id=1958"},"modified":"2025-11-17T10:41:16","modified_gmt":"2025-11-17T10:41:16","slug":"hakkimizda","status":"publish","type":"page","link":"http:\/\/www.agesinsaat.com\/index.php\/hakkimizda\/","title":{"rendered":"Hakk\u0131m\u0131zda"},"content":{"rendered":"\t\t<div data-elementor-type=\"wp-page\" data-elementor-id=\"1958\" class=\"elementor elementor-1958\">\n\t\t\t\t\t\t<section class=\"elementor-section elementor-top-section elementor-element elementor-element-bdd9939 elementor-section-content-middle elementor-section-boxed elementor-section-height-default elementor-section-height-default\" data-id=\"bdd9939\" data-element_type=\"section\" data-e-type=\"section\">\n\t\t\t\t\t\t<div class=\"elementor-container elementor-column-gap-extended\">\n\t\t\t\t\t<div class=\"elementor-column elementor-col-50 elementor-top-column elementor-element elementor-element-12b070d ot-flex-column-vertical\" data-id=\"12b070d\" data-element_type=\"column\" data-e-type=\"column\">\n\t\t\t<div class=\"elementor-widget-wrap elementor-element-populated\">\n\t\t\t\t\t\t<div class=\"elementor-element elementor-element-ea70568 elementor-widget elementor-widget-image\" data-id=\"ea70568\" data-element_type=\"widget\" data-e-type=\"widget\" data-widget_type=\"image.default\">\n\t\t\t\t\t\t\t\t\t\t\t\t\t\t\t<img fetchpriority=\"high\" decoding=\"async\" width=\"1577\" height=\"1630\" src=\"http:\/\/www.agesinsaat.com\/wp-content\/uploads\/2019\/11\/af.jpg\" class=\"attachment-full size-full wp-image-5764\" alt=\"\" srcset=\"http:\/\/www.agesinsaat.com\/wp-content\/uploads\/2019\/11\/af.jpg 1577w, http:\/\/www.agesinsaat.com\/wp-content\/uploads\/2019\/11\/af-290x300.jpg 290w, http:\/\/www.agesinsaat.com\/wp-content\/uploads\/2019\/11\/af-991x1024.jpg 991w, http:\/\/www.agesinsaat.com\/wp-content\/uploads\/2019\/11\/af-768x794.jpg 768w, http:\/\/www.agesinsaat.com\/wp-content\/uploads\/2019\/11\/af-1486x1536.jpg 1486w\" sizes=\"(max-width: 1577px) 100vw, 1577px\" \/>\t\t\t\t\t\t\t\t\t\t\t\t\t\t\t<\/div>\n\t\t\t\t\t<\/div>\n\t\t<\/div>\n\t\t\t\t<div class=\"elementor-column elementor-col-50 elementor-top-column elementor-element elementor-element-c955026 ot-flex-column-vertical\" data-id=\"c955026\" data-element_type=\"column\" data-e-type=\"column\">\n\t\t\t<div class=\"elementor-widget-wrap elementor-element-populated\">\n\t\t\t\t\t\t<div class=\"elementor-element elementor-element-94474d6 elementor-widget elementor-widget-iheading\" data-id=\"94474d6\" data-element_type=\"widget\" data-e-type=\"widget\" data-widget_type=\"iheading.default\">\n\t\t\t\t<div class=\"elementor-widget-container\">\n\t\t\t\t\t\t\t<div class=\"ot-heading is-dots\">\r\n\t        <span>Hakk\u0131m\u0131zda<\/span>\t        <h2 class=\"main-heading\">Ages Mermer \u0130n\u015faat<\/h2>\t    <\/div>\r\n\t    \t\t\t\t<\/div>\n\t\t\t\t<\/div>\n\t\t\t\t<div class=\"elementor-element elementor-element-4408703 elementor-widget elementor-widget-text-editor\" data-id=\"4408703\" data-element_type=\"widget\" data-e-type=\"widget\" data-widget_type=\"text-editor.default\">\n\t\t\t\t\t\t\t\t\t<p data-start=\"159\" data-end=\"449\">Ages Mermer \u0130n\u015faat, Bodrum ve Mu\u011fla b\u00f6lgesinde 20 y\u0131l\u0131 a\u015fk\u0131n deneyimiyle in\u015faat sekt\u00f6r\u00fcnde g\u00fcven, kalite ve esteti\u011fi bir araya getiriyor. Anahtar teslim villa ve konut projelerinden, mermer ve ta\u015f uygulamalar\u0131na, tadilat ve restorasyon i\u015flerine kadar geni\u015f bir yelpazede hizmet sunuyoruz.<\/p><p data-start=\"451\" data-end=\"683\">M\u00fc\u015fteri memnuniyetini her zaman \u00f6n planda tutan ekibimiz, temelden \u00e7at\u0131ya kadar t\u00fcm s\u00fcre\u00e7leri titizlikle y\u00f6netir. Modern mimari yakla\u015f\u0131mlar, do\u011fal ta\u015f ve mermer kullan\u0131m\u0131 ile projelerimizi hem estetik hem de uzun \u00f6m\u00fcrl\u00fc k\u0131l\u0131yoruz.<\/p><p data-start=\"685\" data-end=\"900\">Ages Mermer \u0130n\u015faat olarak, sadece yap\u0131lar de\u011fil, g\u00fcven ve konfor dolu ya\u015fam alanlar\u0131 in\u015fa ediyoruz. Her projemizde detaylara g\u00f6sterdi\u011fimiz \u00f6zen, m\u00fchendislik hassasiyeti ve yarat\u0131c\u0131 \u00e7\u00f6z\u00fcmlerimizle fark yarat\u0131yoruz.<\/p><p data-start=\"902\" data-end=\"1138\"><strong data-start=\"902\" data-end=\"917\">Vizyonumuz:<\/strong> Bodrum ve Mu\u011fla\u2019da estetik, fonksiyonel ve dayan\u0131kl\u0131 ya\u015fam alanlar\u0131 yaratmak.<br data-start=\"995\" data-end=\"998\" \/><strong data-start=\"998\" data-end=\"1013\">Misyonumuz:<\/strong> Y\u00fcksek kalite standartlar\u0131, uzman kadro ve \u015feffaf \u00e7al\u0131\u015fma prensipleriyle m\u00fc\u015fterilerimizin hayallerini ger\u00e7e\u011fe d\u00f6n\u00fc\u015ft\u00fcrmek.<\/p>\t\t\t\t\t\t\t\t<\/div>\n\t\t\t\t\t<\/div>\n\t\t<\/div>\n\t\t\t\t\t<\/div>\n\t\t<\/section>\n\t\t\t\t<\/div>\n\t\t","protected":false},"excerpt":{"rendered":"<p>Hakk\u0131m\u0131zda Ages Mermer \u0130n\u015faat Ages Mermer \u0130n\u015faat, Bodrum ve Mu\u011fla b\u00f6lgesinde 20 y\u0131l\u0131 a\u015fk\u0131n deneyimiyle in\u015faat sekt\u00f6r\u00fcnde g\u00fcven, kalite ve esteti\u011fi bir araya getiriyor. Anahtar teslim villa ve konut projelerinden, mermer ve ta\u015f uygulamalar\u0131na, tadilat ve restorasyon i\u015flerine kadar geni\u015f bir yelpazede hizmet sunuyoruz. M\u00fc\u015fteri memnuniyetini her zaman \u00f6n planda tutan ekibimiz, temelden \u00e7at\u0131ya kadar [&hellip;]<\/p>\n","protected":false},"author":1,"featured_media":0,"parent":0,"menu_order":0,"comment_status":"closed","ping_status":"closed","template":"","meta":{"footnotes":""},"class_list":["post-1958","page","type-page","status-publish","hentry"],"_links":{"self":[{"href":"http:\/\/www.agesinsaat.com\/index.php\/wp-json\/wp\/v2\/pages\/1958","targetHints":{"allow":["GET"]}}],"collection":[{"href":"http:\/\/www.agesinsaat.com\/index.php\/wp-json\/wp\/v2\/pages"}],"about":[{"href":"http:\/\/www.agesinsaat.com\/index.php\/wp-json\/wp\/v2\/types\/page"}],"author":[{"embeddable":true,"href":"http:\/\/www.agesinsaat.com\/index.php\/wp-json\/wp\/v2\/users\/1"}],"replies":[{"embeddable":true,"href":"http:\/\/www.agesinsaat.com\/index.php\/wp-json\/wp\/v2\/comments?post=1958"}],"version-history":[{"count":4,"href":"http:\/\/www.agesinsaat.com\/index.php\/wp-json\/wp\/v2\/pages\/1958\/revisions"}],"predecessor-version":[{"id":5782,"href":"http:\/\/www.agesinsaat.com\/index.php\/wp-json\/wp\/v2\/pages\/1958\/revisions\/5782"}],"wp:attachment":[{"href":"http:\/\/www.agesinsaat.com\/index.php\/wp-json\/wp\/v2\/media?parent=1958"}],"curies":[{"name":"wp","href":"https:\/\/api.w.org\/{rel}","templated":true}]}}